{"id":91,"date":"2016-03-08T09:55:50","date_gmt":"2016-03-08T08:55:50","guid":{"rendered":"http:\/\/null.4jbs.de\/?page_id=91"},"modified":"2016-03-13T14:35:27","modified_gmt":"2016-03-13T13:35:27","slug":"planung","status":"publish","type":"page","link":"https:\/\/null.4jbs.de\/?page_id=91","title":{"rendered":"Planung"},"content":{"rendered":"<p>Die Beschreibung der Planungsphase ist in mehrere Artikel unterteilt, die\u00a0auch direkt\u00a0angew\u00e4hlt werden k\u00f6nnen.<\/p>\n<p>An dieser Stelle nur soviel: Ich finde eine Planung muss sein, einfach drauflosbauen um dann auf halbem Wege wieder alles abzurei\u00dfen weil es nicht gef\u00e4llt, ist nicht mein Ding. Oder, was noch bl\u00f6der w\u00e4re, die Abrissbirne nicht rauszuholen und\u00a0zu versuchen, das m\u00fchsam\u00a0Gebaute irgendwie zu retten.<\/p>\n<p>Man kann es aber auch \u00fcbertreiben und vor dem ersten Spatenstich alles bis ins letzte Detail durchkonjugieren. (Mir) macht das keinen Spa\u00df\u00a0und kann\u00a0nach hinten losgehen, wenn sich bei der Realisierung getroffene Annahmen in Luft aufl\u00f6sen und\u00a0der sch\u00f6ne Plan f\u00fcr die Tonne ist. Diese\u00a0Gefahr sehe ich\u00a0vor allem bei\u00a0denen, die noch\u00a0nie eine Anlage gebaut haben.<\/p>\n<p>Wie auch immer, viele Wege f\u00fchren\u00a0nach\u00a0Rom und der Weg ist das Ziel.<\/p>\n<p>Weiter zum <a href=\"http:\/\/null.4jbs.de\/?page_id=304\">\u00dcbersichtsplan<\/a>.<\/p>\n","protected":false},"excerpt":{"rendered":"<p>Die Beschreibung der Planungsphase ist in mehrere Artikel unterteilt, die\u00a0auch direkt\u00a0angew\u00e4hlt werden k\u00f6nnen. An dieser Stelle nur soviel: Ich finde eine Planung muss sein, einfach drauflosbauen um dann auf halbem Wege wieder alles abzurei\u00dfen weil es nicht gef\u00e4llt, ist nicht mein Ding. Oder, was noch bl\u00f6der w\u00e4re, die Abrissbirne nicht rauszuholen und\u00a0zu versuchen, das m\u00fchsam\u00a0Gebaute &hellip; <a href=\"https:\/\/null.4jbs.de\/?page_id=91\" class=\"more-link\"><span class=\"screen-reader-text\">\u201ePlanung\u201c<\/span> weiterlesen<\/a><\/p>\n","protected":false},"author":1,"featured_media":0,"parent":0,"menu_order":0,"comment_status":"closed","ping_status":"closed","template":"","meta":{"footnotes":""},"class_list":["post-91","page","type-page","status-publish","hentry"],"_links":{"self":[{"href":"https:\/\/null.4jbs.de\/index.php?rest_route=\/wp\/v2\/pages\/91","targetHints":{"allow":["GET"]}}],"collection":[{"href":"https:\/\/null.4jbs.de\/index.php?rest_route=\/wp\/v2\/pages"}],"about":[{"href":"https:\/\/null.4jbs.de\/index.php?rest_route=\/wp\/v2\/types\/page"}],"author":[{"embeddable":true,"href":"https:\/\/null.4jbs.de\/index.php?rest_route=\/wp\/v2\/users\/1"}],"replies":[{"embeddable":true,"href":"https:\/\/null.4jbs.de\/index.php?rest_route=%2Fwp%2Fv2%2Fcomments&post=91"}],"version-history":[{"count":9,"href":"https:\/\/null.4jbs.de\/index.php?rest_route=\/wp\/v2\/pages\/91\/revisions"}],"predecessor-version":[{"id":310,"href":"https:\/\/null.4jbs.de\/index.php?rest_route=\/wp\/v2\/pages\/91\/revisions\/310"}],"wp:attachment":[{"href":"https:\/\/null.4jbs.de\/index.php?rest_route=%2Fwp%2Fv2%2Fmedia&parent=91"}],"curies":[{"name":"wp","href":"https:\/\/api.w.org\/{rel}","templated":true}]}}