{"id":645,"date":"2016-04-21T11:57:01","date_gmt":"2016-04-21T09:57:01","guid":{"rendered":"http:\/\/null.4jbs.de\/?page_id=645"},"modified":"2016-04-27T12:20:32","modified_gmt":"2016-04-27T10:20:32","slug":"fahrstrassen","status":"publish","type":"page","link":"https:\/\/null.4jbs.de\/?page_id=645","title":{"rendered":"Fahrstra\u00dfen"},"content":{"rendered":"<figure id=\"attachment_685\" aria-describedby=\"caption-attachment-685\" style=\"width: 840px\" class=\"wp-caption alignnone\"><a href=\"http:\/\/null.4jbs.de\/wp-content\/uploads\/2016\/04\/Stellpulte-mit-Fahrstra\u00dfen-1.jpg\"><img loading=\"lazy\" decoding=\"async\" class=\"wp-image-685 size-large\" src=\"http:\/\/null.4jbs.de\/wp-content\/uploads\/2016\/04\/Stellpulte-mit-Fahrstra\u00dfen-1-1024x461.jpg\" alt=\"Stellpulte mit Fahrstra\u00dfen\" width=\"840\" height=\"378\" srcset=\"https:\/\/null.4jbs.de\/wp-content\/uploads\/2016\/04\/Stellpulte-mit-Fahrstra\u00dfen-1-1024x461.jpg 1024w, https:\/\/null.4jbs.de\/wp-content\/uploads\/2016\/04\/Stellpulte-mit-Fahrstra\u00dfen-1-300x135.jpg 300w, https:\/\/null.4jbs.de\/wp-content\/uploads\/2016\/04\/Stellpulte-mit-Fahrstra\u00dfen-1-768x346.jpg 768w, https:\/\/null.4jbs.de\/wp-content\/uploads\/2016\/04\/Stellpulte-mit-Fahrstra\u00dfen-1-1200x540.jpg 1200w, https:\/\/null.4jbs.de\/wp-content\/uploads\/2016\/04\/Stellpulte-mit-Fahrstra\u00dfen-1.jpg 1865w\" sizes=\"auto, (max-width: 709px) 85vw, (max-width: 909px) 67vw, (max-width: 1362px) 62vw, 840px\" \/><\/a><figcaption id=\"caption-attachment-685\" class=\"wp-caption-text\">Beispiel f\u00fcr eingestellte Fahrstra\u00dfen<\/figcaption><\/figure>\n<p>Fahrstra\u00dfen dienen zum Stellen und\u00a0Verriegeln der Weichen f\u00fcr einen bestimmten Fahrweg und\u00a0k\u00f6nnen durch Anklicken der roten Start-Ziel Taster\u00a0gebildet werden.<span style=\"color: #000000;\">\u00a0Nochmaliges bet\u00e4tigen\u00a0l\u00f6scht\u00a0die ausgew\u00e4hlte Fahrstra\u00dfe. Alternativ k\u00f6nnen alle Fahrstra\u00dfen, die\u00a0ein bestimmtes Stellwerk betreffen durch Klicken auf den\u00a0roten X-Taster entfernt werden.\u00a0Tabula rasa gelingt mit dem speziellen X-Taster auf dem Immburger Stellwerk.\u00a0\u00a0\u00a0<\/span><\/p>\n<p>Mit dem Schalten von Fahrstra\u00dfen wird kein bestimmter Zug oder dessen Fahrtrichtung festlegt.<\/p>\n<p>In dem gezeigten Beispiel sind die Fahrstra\u00dfen f\u00fcr zwei Zugfahrten geschaltet. Zum einen f\u00fcr den (angenommenerma\u00dfen) in Gleis 1 von H\u00f6henseen stehenden V36-Wendezug bis nach Steinbrock F\u00e4hre mit Weiterfahrt nach Bad Gro\u00dfenfels und zum anderen f\u00fcr den durchgehenden Eilzug mit V200.0 von Gleis 3 des Speicherbahnhofs Immburg nach Bad Gro\u00dfenfels.<\/p>\n<p>In der Praxis werden die Fahrstra\u00dfen eher nicht f\u00fcr ganze Strecken gebildet, sondern nur f\u00fcr sinnvolle Streckenabschnitte.\u00a0Man w\u00fcrde z.B. die Fahrstra\u00dfe f\u00fcr den Eilzug zun\u00e4chst in Gleis 2 von Steinbrock enden lassen um so\u00a0noch einen Gegenzug \u00fcber Gleis 1 abwarten zu k\u00f6nnen. Alternativ bietet sich\u00a0an, die Fahrstra\u00dfe bis zum Block X, der Strecke zwischen Steinbrock Bad Gro\u00dfenfels,\u00a0zu setzen. Damit w\u00e4re die Durchfahrt des Eilzuges in Steinbrock\u00a0m\u00f6glich\u00a0ohne das Rangieren in Bad Gro\u00dfenfels\u00a0unn\u00f6tig einzuschr\u00e4nken\u00a0und die Zufahrt zum\u00a0Bw\u00a0zu\u00a0blockieren. Die restliche Fahrstra\u00dfe\u00a0wird erst\u00a0gesetzt, wenn der Eilzug die 12 Minuten Fahrzeit im Schatten der Strecke abgesessen hat.<\/p>\n","protected":false},"excerpt":{"rendered":"<p>Fahrstra\u00dfen dienen zum Stellen und\u00a0Verriegeln der Weichen f\u00fcr einen bestimmten Fahrweg und\u00a0k\u00f6nnen durch Anklicken der roten Start-Ziel Taster\u00a0gebildet werden.\u00a0Nochmaliges bet\u00e4tigen\u00a0l\u00f6scht\u00a0die ausgew\u00e4hlte Fahrstra\u00dfe. Alternativ k\u00f6nnen alle Fahrstra\u00dfen, die\u00a0ein bestimmtes Stellwerk betreffen durch Klicken auf den\u00a0roten X-Taster entfernt werden.\u00a0Tabula rasa gelingt mit dem speziellen X-Taster auf dem Immburger Stellwerk.\u00a0\u00a0\u00a0 Mit dem Schalten von Fahrstra\u00dfen wird kein bestimmter &hellip; <a href=\"https:\/\/null.4jbs.de\/?page_id=645\" class=\"more-link\"><span class=\"screen-reader-text\">\u201eFahrstra\u00dfen\u201c<\/span> weiterlesen<\/a><\/p>\n","protected":false},"author":1,"featured_media":0,"parent":0,"menu_order":0,"comment_status":"closed","ping_status":"closed","template":"","meta":{"footnotes":""},"class_list":["post-645","page","type-page","status-publish","hentry"],"_links":{"self":[{"href":"https:\/\/null.4jbs.de\/index.php?rest_route=\/wp\/v2\/pages\/645","targetHints":{"allow":["GET"]}}],"collection":[{"href":"https:\/\/null.4jbs.de\/index.php?rest_route=\/wp\/v2\/pages"}],"about":[{"href":"https:\/\/null.4jbs.de\/index.php?rest_route=\/wp\/v2\/types\/page"}],"author":[{"embeddable":true,"href":"https:\/\/null.4jbs.de\/index.php?rest_route=\/wp\/v2\/users\/1"}],"replies":[{"embeddable":true,"href":"https:\/\/null.4jbs.de\/index.php?rest_route=%2Fwp%2Fv2%2Fcomments&post=645"}],"version-history":[{"count":13,"href":"https:\/\/null.4jbs.de\/index.php?rest_route=\/wp\/v2\/pages\/645\/revisions"}],"predecessor-version":[{"id":689,"href":"https:\/\/null.4jbs.de\/index.php?rest_route=\/wp\/v2\/pages\/645\/revisions\/689"}],"wp:attachment":[{"href":"https:\/\/null.4jbs.de\/index.php?rest_route=%2Fwp%2Fv2%2Fmedia&parent=645"}],"curies":[{"name":"wp","href":"https:\/\/api.w.org\/{rel}","templated":true}]}}