{"id":594,"date":"2016-04-16T13:27:47","date_gmt":"2016-04-16T11:27:47","guid":{"rendered":"http:\/\/null.4jbs.de\/?page_id=594"},"modified":"2016-04-16T14:51:03","modified_gmt":"2016-04-16T12:51:03","slug":"betrieb-2","status":"publish","type":"page","link":"https:\/\/null.4jbs.de\/?page_id=594","title":{"rendered":"Betrieb"},"content":{"rendered":"<p>In diesem Kapitel geht es um die Aspekte des Betriebs. Mein Interesse liegt hier in einer Vorgehensweise,\u00a0 die in sich schl\u00fcssig und nach M\u00f6glichkeit nicht vollkommen unrealistisch ist. Letztendlich bleibt es aber ein Spiel und nicht die Umsetzung der einschl\u00e4gigen Vorschriften des Vorbilds.<\/p>\n<p>Wenn im Folgenden\u00a0z.B. Bahnhofsdatenbl\u00e4tter und Bahnhofsfahrordnungen\u00a0<em>ins Spiel<\/em> kommen, geht es ausschlie\u00dflich eben um die\u00a0f\u00fcr das Spiel relevanten Dinge. Bitte keine FREMO- oder gar Vorbildanspr\u00fcche\u00a0erwarten bzw. anwenden.<\/p>\n<p>Meine grunds\u00e4tzlichen\u00a0Vorstellungen sind im\u00a0<a href=\"http:\/\/null.4jbs.de\/?page_id=226\">planerischen Teil<\/a>\u00a0zusammengefasst, so dass ich sie hier nicht wiederholen m\u00f6chte. Nichtsdestotrotz lie\u00dfen sich im Sinne einer zusammenh\u00e4ngenden Dokumentation einige Wiederholungen nicht vermeiden.<\/p>\n","protected":false},"excerpt":{"rendered":"<p>In diesem Kapitel geht es um die Aspekte des Betriebs. Mein Interesse liegt hier in einer Vorgehensweise,\u00a0 die in sich schl\u00fcssig und nach M\u00f6glichkeit nicht vollkommen unrealistisch ist. Letztendlich bleibt es aber ein Spiel und nicht die Umsetzung der einschl\u00e4gigen Vorschriften des Vorbilds. Wenn im Folgenden\u00a0z.B. Bahnhofsdatenbl\u00e4tter und Bahnhofsfahrordnungen\u00a0ins Spiel kommen, geht es ausschlie\u00dflich eben &hellip; <a href=\"https:\/\/null.4jbs.de\/?page_id=594\" class=\"more-link\"><span class=\"screen-reader-text\">\u201eBetrieb\u201c<\/span> weiterlesen<\/a><\/p>\n","protected":false},"author":1,"featured_media":0,"parent":0,"menu_order":0,"comment_status":"closed","ping_status":"closed","template":"","meta":{"footnotes":""},"class_list":["post-594","page","type-page","status-publish","hentry"],"_links":{"self":[{"href":"https:\/\/null.4jbs.de\/index.php?rest_route=\/wp\/v2\/pages\/594","targetHints":{"allow":["GET"]}}],"collection":[{"href":"https:\/\/null.4jbs.de\/index.php?rest_route=\/wp\/v2\/pages"}],"about":[{"href":"https:\/\/null.4jbs.de\/index.php?rest_route=\/wp\/v2\/types\/page"}],"author":[{"embeddable":true,"href":"https:\/\/null.4jbs.de\/index.php?rest_route=\/wp\/v2\/users\/1"}],"replies":[{"embeddable":true,"href":"https:\/\/null.4jbs.de\/index.php?rest_route=%2Fwp%2Fv2%2Fcomments&post=594"}],"version-history":[{"count":6,"href":"https:\/\/null.4jbs.de\/index.php?rest_route=\/wp\/v2\/pages\/594\/revisions"}],"predecessor-version":[{"id":609,"href":"https:\/\/null.4jbs.de\/index.php?rest_route=\/wp\/v2\/pages\/594\/revisions\/609"}],"wp:attachment":[{"href":"https:\/\/null.4jbs.de\/index.php?rest_route=%2Fwp%2Fv2%2Fmedia&parent=594"}],"curies":[{"name":"wp","href":"https:\/\/api.w.org\/{rel}","templated":true}]}}