{"id":587,"date":"2016-04-16T13:22:57","date_gmt":"2016-04-16T11:22:57","guid":{"rendered":"http:\/\/null.4jbs.de\/?page_id=587"},"modified":"2024-09-17T17:37:31","modified_gmt":"2024-09-17T15:37:31","slug":"streckennetz","status":"publish","type":"page","link":"https:\/\/null.4jbs.de\/?page_id=587","title":{"rendered":"Streckennetz"},"content":{"rendered":"\n<p>Das&nbsp;Streckennetz im Tal der Ihmse ist im schematischen Gleisplan zu erkennen. Die&nbsp;Nummerierung&nbsp;der f\u00fcr Zugfahrten relevanten Gleise korrespondiert mit den Angaben im&nbsp;Fahrplan.<\/p>\n\n\n<div class=\"wp-block-image\">\n<figure class=\"alignleft\"><a href=\"http:\/\/null.4jbs.de\/wp-content\/uploads\/2019\/10\/Schematischer-Gleisplan.png\"><img loading=\"lazy\" decoding=\"async\" width=\"1024\" height=\"214\" src=\"http:\/\/null.4jbs.de\/wp-content\/uploads\/2019\/10\/Schematischer-Gleisplan-1024x214.png\" alt=\"\" class=\"wp-image-1146\" srcset=\"https:\/\/null.4jbs.de\/wp-content\/uploads\/2019\/10\/Schematischer-Gleisplan-1024x214.png 1024w, https:\/\/null.4jbs.de\/wp-content\/uploads\/2019\/10\/Schematischer-Gleisplan-300x63.png 300w, https:\/\/null.4jbs.de\/wp-content\/uploads\/2019\/10\/Schematischer-Gleisplan-768x160.png 768w, https:\/\/null.4jbs.de\/wp-content\/uploads\/2019\/10\/Schematischer-Gleisplan-1200x250.png 1200w, https:\/\/null.4jbs.de\/wp-content\/uploads\/2019\/10\/Schematischer-Gleisplan.png 1912w\" sizes=\"auto, (max-width: 709px) 85vw, (max-width: 909px) 67vw, (max-width: 1362px) 62vw, 840px\" \/><\/a><\/figure><\/div>\n\n\n<p> Schematischer Gleisplan des Streckennetzes im Tal der Ihmse<\/p>\n\n\n\n<div class=\"mceTemp\">\n<p><a href=\"http:\/\/null.4jbs.de\/wp-content\/uploads\/2016\/04\/Stellpulte-1.jpg\"><img loading=\"lazy\" decoding=\"async\" class=\"wp-image-684 size-large\" src=\"http:\/\/null.4jbs.de\/wp-content\/uploads\/2016\/04\/Stellpulte-1-1024x464.jpg\" alt=\"Stellpulte\" width=\"840\" height=\"381\" srcset=\"https:\/\/null.4jbs.de\/wp-content\/uploads\/2016\/04\/Stellpulte-1-1024x464.jpg 1024w, https:\/\/null.4jbs.de\/wp-content\/uploads\/2016\/04\/Stellpulte-1-300x136.jpg 300w, https:\/\/null.4jbs.de\/wp-content\/uploads\/2016\/04\/Stellpulte-1-768x348.jpg 768w, https:\/\/null.4jbs.de\/wp-content\/uploads\/2016\/04\/Stellpulte-1-1200x543.jpg 1200w, https:\/\/null.4jbs.de\/wp-content\/uploads\/2016\/04\/Stellpulte-1.jpg 1866w\" sizes=\"auto, (max-width: 709px) 85vw, (max-width: 909px) 67vw, (max-width: 1362px) 62vw, 840px\" \/><\/a><br>\nAbbildung des Streckennetzes in Stellpulten (noch ohne die letzten \u00c4nderungen in Bad Gro\u00dfenfels und H\u00f6henseen)<\/p>\n<\/div>\n","protected":false},"excerpt":{"rendered":"<p>Das&nbsp;Streckennetz im Tal der Ihmse ist im schematischen Gleisplan zu erkennen. Die&nbsp;Nummerierung&nbsp;der f\u00fcr Zugfahrten relevanten Gleise korrespondiert mit den Angaben im&nbsp;Fahrplan. Schematischer Gleisplan des Streckennetzes im Tal der Ihmse Abbildung des Streckennetzes in Stellpulten (noch ohne die letzten \u00c4nderungen in Bad Gro\u00dfenfels und H\u00f6henseen)<\/p>\n","protected":false},"author":1,"featured_media":0,"parent":0,"menu_order":0,"comment_status":"closed","ping_status":"closed","template":"","meta":{"footnotes":""},"class_list":["post-587","page","type-page","status-publish","hentry"],"_links":{"self":[{"href":"https:\/\/null.4jbs.de\/index.php?rest_route=\/wp\/v2\/pages\/587","targetHints":{"allow":["GET"]}}],"collection":[{"href":"https:\/\/null.4jbs.de\/index.php?rest_route=\/wp\/v2\/pages"}],"about":[{"href":"https:\/\/null.4jbs.de\/index.php?rest_route=\/wp\/v2\/types\/page"}],"author":[{"embeddable":true,"href":"https:\/\/null.4jbs.de\/index.php?rest_route=\/wp\/v2\/users\/1"}],"replies":[{"embeddable":true,"href":"https:\/\/null.4jbs.de\/index.php?rest_route=%2Fwp%2Fv2%2Fcomments&post=587"}],"version-history":[{"count":11,"href":"https:\/\/null.4jbs.de\/index.php?rest_route=\/wp\/v2\/pages\/587\/revisions"}],"predecessor-version":[{"id":1829,"href":"https:\/\/null.4jbs.de\/index.php?rest_route=\/wp\/v2\/pages\/587\/revisions\/1829"}],"wp:attachment":[{"href":"https:\/\/null.4jbs.de\/index.php?rest_route=%2Fwp%2Fv2%2Fmedia&parent=587"}],"curies":[{"name":"wp","href":"https:\/\/api.w.org\/{rel}","templated":true}]}}