{"id":501,"date":"2016-04-07T14:51:08","date_gmt":"2016-04-07T12:51:08","guid":{"rendered":"http:\/\/null.4jbs.de\/?page_id=501"},"modified":"2017-04-11T11:48:17","modified_gmt":"2017-04-11T09:48:17","slug":"betrieb-immburg","status":"publish","type":"page","link":"https:\/\/null.4jbs.de\/?page_id=501","title":{"rendered":"Betriebsstelle Immburg"},"content":{"rendered":"<p>Immburg ist der\u00a0einzige\u00a0Speicherbahnhof des Arrangements und steht stellvertretend f\u00fcr alle Orte westlich von Steinbrock.<\/p>\n<h5>Bahnhofsdatenblatt<\/h5>\n<h6>Schematischer Gleisplan<\/h6>\n<figure id=\"attachment_637\" aria-describedby=\"caption-attachment-637\" style=\"width: 380px\" class=\"wp-caption alignnone\"><img loading=\"lazy\" decoding=\"async\" class=\"wp-image-637 size-full\" src=\"http:\/\/null.4jbs.de\/wp-content\/uploads\/2016\/04\/Stellpult-Immburg.jpg\" alt=\"Stellpult Immburg\" width=\"380\" height=\"304\" srcset=\"https:\/\/null.4jbs.de\/wp-content\/uploads\/2016\/04\/Stellpult-Immburg.jpg 380w, https:\/\/null.4jbs.de\/wp-content\/uploads\/2016\/04\/Stellpult-Immburg-300x240.jpg 300w\" sizes=\"auto, (max-width: 380px) 85vw, 380px\" \/><figcaption id=\"caption-attachment-637\" class=\"wp-caption-text\">Stellpult Immburg<\/figcaption><\/figure>\n<h6>Belegungsplan<\/h6>\n<p>Die\u00a0Verwendung der Gleise des Speicherbahnhofs ist fest vorgegeben:<\/p>\n<ul>\n<li>Gleis\u00a01:\u00a0Wendezug mit BR64 und 3 Donnerb\u00fcchsen<\/li>\n<li>Gleis 2: Wartegleis f\u00fcr\u00a0Eilzuglok V200.0 oder V200.1<\/li>\n<li>Gleis 3: Eilzug mit V200.0 oder V200.1<\/li>\n<li>Gleis 4: Personenzug mit einer der BR24 oder V100<\/li>\n<li>Gleis 5: Aufstellgleis Nahg\u00fcterzug und Lok-Wartegleis f\u00fcr n\u00e4chsten Nahg\u00fcterzug oder Personenzug<\/li>\n<li>Gleis 5a und 5b: f\u00fcr sp\u00e4teren Ausbau<\/li>\n<\/ul>\n<h5>Bahnhofsfahrordnung<\/h5>\n<h6>Eilzug<\/h6>\n<p>Der Eilzug f\u00e4hrt in Gleis 3 bis kurz vor das Gleisende ein. V200.x abkuppeln und bis ans Ende vorziehen. Der neue Eilzug wird gebildet, in dem sich kurz vor Abfahrt\u00a0die zweite\u00a0V200.x aus Gleis 2 vor die Garnitur setzt.<\/p>\n<p>Der Eilzug \u00fcbernachtet hier &#8211;\u00a0inkl. der Lok im Wartegleis.<\/p>\n<h6>Personenzug<\/h6>\n<p>Der Personenzug f\u00e4hrt in Gleis 4 bis kurz vor das Gleisende ein.\u00a0Die Lok (BR24\u00a0oder V100)\u00a0abkuppeln und bis ans Ende vorziehen.<\/p>\n<p>Der neue Personenzug wird gebildet, in dem sich kurz vor Abfahrt\u00a0eine in Gleis 5 wartende Lok\u00a0vor die Garnitur setzt.<\/p>\n<p>Nach der Ausfahrt des Personenzuges setzt die\u00a0&#8222;alte&#8220;\u00a0Lok von Gleis 4 auf die Drehscheibe um, wird ggf. gedreht und bleibt dort stehen.\u00a0Bei einem sp\u00e4teren Ausbau\u00a0f\u00e4hrt die Lok auf eines der Abstellgleise 5a oder 5b.<\/p>\n<p>Nachts bleibt nur eine der Loks in Gleis 5\u00a0stehen.<\/p>\n<figure id=\"attachment_744\" aria-describedby=\"caption-attachment-744\" style=\"width: 840px\" class=\"wp-caption alignnone\"><a href=\"http:\/\/null.4jbs.de\/wp-content\/uploads\/2017\/04\/BR24aufDrehscheibe2Web.jpg\"><img loading=\"lazy\" decoding=\"async\" class=\"wp-image-744 size-large\" src=\"http:\/\/null.4jbs.de\/wp-content\/uploads\/2017\/04\/BR24aufDrehscheibe2Web-1024x418.jpg\" alt=\"br24aufdrehscheibe2web\" width=\"840\" height=\"343\" srcset=\"https:\/\/null.4jbs.de\/wp-content\/uploads\/2017\/04\/BR24aufDrehscheibe2Web-1024x418.jpg 1024w, https:\/\/null.4jbs.de\/wp-content\/uploads\/2017\/04\/BR24aufDrehscheibe2Web-300x123.jpg 300w, https:\/\/null.4jbs.de\/wp-content\/uploads\/2017\/04\/BR24aufDrehscheibe2Web-768x314.jpg 768w, https:\/\/null.4jbs.de\/wp-content\/uploads\/2017\/04\/BR24aufDrehscheibe2Web-1200x490.jpg 1200w, https:\/\/null.4jbs.de\/wp-content\/uploads\/2017\/04\/BR24aufDrehscheibe2Web.jpg 1920w\" sizes=\"auto, (max-width: 709px) 85vw, (max-width: 909px) 67vw, (max-width: 1362px) 62vw, 840px\" \/><\/a><figcaption id=\"caption-attachment-744\" class=\"wp-caption-text\">BR 24 auf der Drehscheibe in Immburg. Knapp aber problemlos per Handregler zu positionieren.<\/figcaption><\/figure>\n<h6>Nahg\u00fcterzug<\/h6>\n<p>Der Nahg\u00fcterzug (BR24 oder V100) f\u00e4hrt in Gleis 5 bis auf die Drehscheibe ein. Manuelles entkuppeln und wegstellen der G\u00fcterwagen. Die Lok wird ggf. gedreht und bleibt auf der Drehscheibe stehen. Bei einem sp\u00e4teren Ausbau\u00a0f\u00e4hrt die Lok auf eines der Abstellgleise 5a oder 5b.<\/p>\n<p>Der neue Nahg\u00fcterzug wird gebildet, in dem die gerade auf der Drehscheibe (bzw. 5a oder 5b) wartende Lok bis kurz vor die Ausfahrt vorzieht und die geplanten G\u00fcterwagen manuell aufgegleist und angekuppelt werden. Die Drehscheibe am Ende des Gleises ist f\u00fcr leichtes Aufgleisen pr\u00e4pariert.<\/p>\n<p>Nachts bleibt nur eine der Loks in Gleis 5\u00a0stehen.<\/p>\n<h6>Wendezug<\/h6>\n<p>Der Wendezug mit BR64 und 3 Donnerb\u00fcchsen f\u00e4hrt gem\u00e4\u00df Fahrplan einfach rein und raus \ud83d\ude42 und bleibt hier nachts stehen.<\/p>\n","protected":false},"excerpt":{"rendered":"<p>Immburg ist der\u00a0einzige\u00a0Speicherbahnhof des Arrangements und steht stellvertretend f\u00fcr alle Orte westlich von Steinbrock. Bahnhofsdatenblatt Schematischer Gleisplan Belegungsplan Die\u00a0Verwendung der Gleise des Speicherbahnhofs ist fest vorgegeben: Gleis\u00a01:\u00a0Wendezug mit BR64 und 3 Donnerb\u00fcchsen Gleis 2: Wartegleis f\u00fcr\u00a0Eilzuglok V200.0 oder V200.1 Gleis 3: Eilzug mit V200.0 oder V200.1 Gleis 4: Personenzug mit einer der BR24 oder V100 &hellip; <a href=\"https:\/\/null.4jbs.de\/?page_id=501\" class=\"more-link\"><span class=\"screen-reader-text\">\u201eBetriebsstelle Immburg\u201c<\/span> weiterlesen<\/a><\/p>\n","protected":false},"author":1,"featured_media":0,"parent":0,"menu_order":0,"comment_status":"closed","ping_status":"closed","template":"","meta":{"footnotes":""},"class_list":["post-501","page","type-page","status-publish","hentry"],"_links":{"self":[{"href":"https:\/\/null.4jbs.de\/index.php?rest_route=\/wp\/v2\/pages\/501","targetHints":{"allow":["GET"]}}],"collection":[{"href":"https:\/\/null.4jbs.de\/index.php?rest_route=\/wp\/v2\/pages"}],"about":[{"href":"https:\/\/null.4jbs.de\/index.php?rest_route=\/wp\/v2\/types\/page"}],"author":[{"embeddable":true,"href":"https:\/\/null.4jbs.de\/index.php?rest_route=\/wp\/v2\/users\/1"}],"replies":[{"embeddable":true,"href":"https:\/\/null.4jbs.de\/index.php?rest_route=%2Fwp%2Fv2%2Fcomments&post=501"}],"version-history":[{"count":16,"href":"https:\/\/null.4jbs.de\/index.php?rest_route=\/wp\/v2\/pages\/501\/revisions"}],"predecessor-version":[{"id":745,"href":"https:\/\/null.4jbs.de\/index.php?rest_route=\/wp\/v2\/pages\/501\/revisions\/745"}],"wp:attachment":[{"href":"https:\/\/null.4jbs.de\/index.php?rest_route=%2Fwp%2Fv2%2Fmedia&parent=501"}],"curies":[{"name":"wp","href":"https:\/\/api.w.org\/{rel}","templated":true}]}}