{"id":401,"date":"2016-03-17T08:16:31","date_gmt":"2016-03-17T07:16:31","guid":{"rendered":"http:\/\/null.4jbs.de\/?page_id=401"},"modified":"2024-09-16T20:03:03","modified_gmt":"2024-09-16T18:03:03","slug":"realisierung-steinbrock","status":"publish","type":"page","link":"https:\/\/null.4jbs.de\/?page_id=401","title":{"rendered":"B\u00fchne Steinbrock"},"content":{"rendered":"\n<p><\/p>\n\n\n\n<p>So sieht es heute in und um den Bahnhof Steinbrock aus. Von links nach rechts. Bilder aus der Bauphase sind im Blog zu finden.<\/p>\n\n\n\n<figure class=\"wp-block-image size-large\"><a href=\"https:\/\/null.4jbs.de\/wp-content\/uploads\/2019\/01\/Steinbrock-Bahnhof-14.jpg\"><img loading=\"lazy\" decoding=\"async\" width=\"1024\" height=\"385\" src=\"https:\/\/null.4jbs.de\/wp-content\/uploads\/2019\/01\/Steinbrock-Bahnhof-14-1024x385.jpg\" alt=\"\" class=\"wp-image-1018\" style=\"object-fit:cover\" srcset=\"https:\/\/null.4jbs.de\/wp-content\/uploads\/2019\/01\/Steinbrock-Bahnhof-14-1024x385.jpg 1024w, https:\/\/null.4jbs.de\/wp-content\/uploads\/2019\/01\/Steinbrock-Bahnhof-14-300x113.jpg 300w, https:\/\/null.4jbs.de\/wp-content\/uploads\/2019\/01\/Steinbrock-Bahnhof-14-768x289.jpg 768w, https:\/\/null.4jbs.de\/wp-content\/uploads\/2019\/01\/Steinbrock-Bahnhof-14-1200x451.jpg 1200w, https:\/\/null.4jbs.de\/wp-content\/uploads\/2019\/01\/Steinbrock-Bahnhof-14.jpg 1920w\" sizes=\"auto, (max-width: 709px) 85vw, (max-width: 909px) 67vw, (max-width: 1362px) 62vw, 840px\" \/><\/a><figcaption class=\"wp-element-caption\">Ausfahrt nach Immburg und H\u00f6henseen \/ Schotterverladung in Steinbrock <\/figcaption><\/figure>\n\n\n\n<figure class=\"wp-block-image size-large\"><a href=\"https:\/\/null.4jbs.de\/wp-content\/uploads\/2019\/02\/Steinbrock-Kohlenhandel-1.jpg\"><img loading=\"lazy\" decoding=\"async\" width=\"1024\" height=\"503\" src=\"https:\/\/null.4jbs.de\/wp-content\/uploads\/2019\/02\/Steinbrock-Kohlenhandel-1-1024x503.jpg\" alt=\"\" class=\"wp-image-1045\" srcset=\"https:\/\/null.4jbs.de\/wp-content\/uploads\/2019\/02\/Steinbrock-Kohlenhandel-1-1024x503.jpg 1024w, https:\/\/null.4jbs.de\/wp-content\/uploads\/2019\/02\/Steinbrock-Kohlenhandel-1-300x148.jpg 300w, https:\/\/null.4jbs.de\/wp-content\/uploads\/2019\/02\/Steinbrock-Kohlenhandel-1-768x378.jpg 768w, https:\/\/null.4jbs.de\/wp-content\/uploads\/2019\/02\/Steinbrock-Kohlenhandel-1-1200x590.jpg 1200w, https:\/\/null.4jbs.de\/wp-content\/uploads\/2019\/02\/Steinbrock-Kohlenhandel-1.jpg 1920w\" sizes=\"auto, (max-width: 709px) 85vw, (max-width: 909px) 67vw, (max-width: 1362px) 62vw, 840px\" \/><\/a><figcaption class=\"wp-element-caption\">Kohlenhandel O. Dalke<\/figcaption><\/figure>\n\n\n\n<figure class=\"wp-block-image size-large\"><a href=\"https:\/\/null.4jbs.de\/wp-content\/uploads\/2019\/01\/Steinbrock-Bahnhof-6.jpg\"><img loading=\"lazy\" decoding=\"async\" width=\"1024\" height=\"493\" src=\"https:\/\/null.4jbs.de\/wp-content\/uploads\/2019\/01\/Steinbrock-Bahnhof-6-1024x493.jpg\" alt=\"\" class=\"wp-image-999\" srcset=\"https:\/\/null.4jbs.de\/wp-content\/uploads\/2019\/01\/Steinbrock-Bahnhof-6-1024x493.jpg 1024w, https:\/\/null.4jbs.de\/wp-content\/uploads\/2019\/01\/Steinbrock-Bahnhof-6-300x144.jpg 300w, https:\/\/null.4jbs.de\/wp-content\/uploads\/2019\/01\/Steinbrock-Bahnhof-6-768x370.jpg 768w, https:\/\/null.4jbs.de\/wp-content\/uploads\/2019\/01\/Steinbrock-Bahnhof-6-1200x578.jpg 1200w, https:\/\/null.4jbs.de\/wp-content\/uploads\/2019\/01\/Steinbrock-Bahnhof-6.jpg 1920w\" sizes=\"auto, (max-width: 709px) 85vw, (max-width: 909px) 67vw, (max-width: 1362px) 62vw, 840px\" \/><\/a><figcaption class=\"wp-element-caption\">Blick auf einen Teil der Ladestra\u00dfe mit Ladema\u00df sowie dem G\u00fcterschuppen<\/figcaption><\/figure>\n\n\n\n<figure class=\"wp-block-image size-large\"><a href=\"https:\/\/null.4jbs.de\/wp-content\/uploads\/2019\/01\/Steinbrock-Bahnhof-3.jpg\"><img loading=\"lazy\" decoding=\"async\" width=\"1024\" height=\"644\" src=\"https:\/\/null.4jbs.de\/wp-content\/uploads\/2019\/01\/Steinbrock-Bahnhof-3-1024x644.jpg\" alt=\"\" class=\"wp-image-990\" srcset=\"https:\/\/null.4jbs.de\/wp-content\/uploads\/2019\/01\/Steinbrock-Bahnhof-3-1024x644.jpg 1024w, https:\/\/null.4jbs.de\/wp-content\/uploads\/2019\/01\/Steinbrock-Bahnhof-3-300x189.jpg 300w, https:\/\/null.4jbs.de\/wp-content\/uploads\/2019\/01\/Steinbrock-Bahnhof-3-768x483.jpg 768w, https:\/\/null.4jbs.de\/wp-content\/uploads\/2019\/01\/Steinbrock-Bahnhof-3-1200x755.jpg 1200w, https:\/\/null.4jbs.de\/wp-content\/uploads\/2019\/01\/Steinbrock-Bahnhof-3.jpg 1920w\" sizes=\"auto, (max-width: 709px) 85vw, (max-width: 909px) 67vw, (max-width: 1362px) 62vw, 840px\" \/><\/a><figcaption class=\"wp-element-caption\">Rechter Teil des Bahnhofs mit Klosetts<\/figcaption><\/figure>\n\n\n\n<figure class=\"wp-block-image size-large\"><a href=\"https:\/\/null.4jbs.de\/wp-content\/uploads\/2018\/12\/ARAL-Tankstelle-3.jpg\"><img loading=\"lazy\" decoding=\"async\" width=\"1024\" height=\"493\" src=\"https:\/\/null.4jbs.de\/wp-content\/uploads\/2018\/12\/ARAL-Tankstelle-3-1024x493.jpg\" alt=\"\" class=\"wp-image-976\" srcset=\"https:\/\/null.4jbs.de\/wp-content\/uploads\/2018\/12\/ARAL-Tankstelle-3-1024x493.jpg 1024w, https:\/\/null.4jbs.de\/wp-content\/uploads\/2018\/12\/ARAL-Tankstelle-3-300x144.jpg 300w, https:\/\/null.4jbs.de\/wp-content\/uploads\/2018\/12\/ARAL-Tankstelle-3-768x370.jpg 768w, https:\/\/null.4jbs.de\/wp-content\/uploads\/2018\/12\/ARAL-Tankstelle-3-1200x578.jpg 1200w, https:\/\/null.4jbs.de\/wp-content\/uploads\/2018\/12\/ARAL-Tankstelle-3.jpg 1920w\" sizes=\"auto, (max-width: 709px) 85vw, (max-width: 909px) 67vw, (max-width: 1362px) 62vw, 840px\" \/><\/a><figcaption class=\"wp-element-caption\">Tankstelle am Tag<\/figcaption><\/figure>\n\n\n\n<figure class=\"wp-block-image size-large\"><a href=\"https:\/\/null.4jbs.de\/wp-content\/uploads\/2018\/12\/ARAL-Tankstelle-4.jpg\"><img loading=\"lazy\" decoding=\"async\" width=\"1024\" height=\"497\" src=\"https:\/\/null.4jbs.de\/wp-content\/uploads\/2018\/12\/ARAL-Tankstelle-4-1024x497.jpg\" alt=\"\" class=\"wp-image-975\" srcset=\"https:\/\/null.4jbs.de\/wp-content\/uploads\/2018\/12\/ARAL-Tankstelle-4-1024x497.jpg 1024w, https:\/\/null.4jbs.de\/wp-content\/uploads\/2018\/12\/ARAL-Tankstelle-4-300x146.jpg 300w, https:\/\/null.4jbs.de\/wp-content\/uploads\/2018\/12\/ARAL-Tankstelle-4-768x373.jpg 768w, https:\/\/null.4jbs.de\/wp-content\/uploads\/2018\/12\/ARAL-Tankstelle-4-1200x583.jpg 1200w, https:\/\/null.4jbs.de\/wp-content\/uploads\/2018\/12\/ARAL-Tankstelle-4.jpg 1920w\" sizes=\"auto, (max-width: 709px) 85vw, (max-width: 909px) 67vw, (max-width: 1362px) 62vw, 840px\" \/><\/a><figcaption class=\"wp-element-caption\">Tankstelle in der Abendd\u00e4mmerung<\/figcaption><\/figure>\n\n\n\n<figure class=\"wp-block-image size-large\"><a href=\"https:\/\/null.4jbs.de\/wp-content\/uploads\/2018\/11\/SanderS\u00f6hne-und-Ausfahrt-nach-BG.jpg\"><img loading=\"lazy\" decoding=\"async\" width=\"1024\" height=\"315\" src=\"https:\/\/null.4jbs.de\/wp-content\/uploads\/2018\/11\/SanderS\u00f6hne-und-Ausfahrt-nach-BG-1024x315.jpg\" alt=\"\" class=\"wp-image-955\" srcset=\"https:\/\/null.4jbs.de\/wp-content\/uploads\/2018\/11\/SanderS\u00f6hne-und-Ausfahrt-nach-BG-1024x315.jpg 1024w, https:\/\/null.4jbs.de\/wp-content\/uploads\/2018\/11\/SanderS\u00f6hne-und-Ausfahrt-nach-BG-300x92.jpg 300w, https:\/\/null.4jbs.de\/wp-content\/uploads\/2018\/11\/SanderS\u00f6hne-und-Ausfahrt-nach-BG-768x236.jpg 768w, https:\/\/null.4jbs.de\/wp-content\/uploads\/2018\/11\/SanderS\u00f6hne-und-Ausfahrt-nach-BG-1200x369.jpg 1200w, https:\/\/null.4jbs.de\/wp-content\/uploads\/2018\/11\/SanderS\u00f6hne-und-Ausfahrt-nach-BG.jpg 1920w\" sizes=\"auto, (max-width: 709px) 85vw, (max-width: 909px) 67vw, (max-width: 1362px) 62vw, 840px\" \/><\/a><figcaption class=\"wp-element-caption\">Ausfahrt Steinbrock nach Bad Gro\u00dfenfels \/ Quarzsandverladung Sander&amp;S\u00f6hne<\/figcaption><\/figure>\n\n\n\n<figure class=\"wp-block-image size-large\"><a href=\"https:\/\/null.4jbs.de\/wp-content\/uploads\/2018\/11\/Steinbrock-Ausfahrt-Richtung-Bad-Gro\u00dfenfels_.jpg\"><img loading=\"lazy\" decoding=\"async\" width=\"1024\" height=\"531\" src=\"https:\/\/null.4jbs.de\/wp-content\/uploads\/2018\/11\/Steinbrock-Ausfahrt-Richtung-Bad-Gro\u00dfenfels_-1024x531.jpg\" alt=\"\" class=\"wp-image-956\" srcset=\"https:\/\/null.4jbs.de\/wp-content\/uploads\/2018\/11\/Steinbrock-Ausfahrt-Richtung-Bad-Gro\u00dfenfels_-1024x531.jpg 1024w, https:\/\/null.4jbs.de\/wp-content\/uploads\/2018\/11\/Steinbrock-Ausfahrt-Richtung-Bad-Gro\u00dfenfels_-300x155.jpg 300w, https:\/\/null.4jbs.de\/wp-content\/uploads\/2018\/11\/Steinbrock-Ausfahrt-Richtung-Bad-Gro\u00dfenfels_-768x398.jpg 768w, https:\/\/null.4jbs.de\/wp-content\/uploads\/2018\/11\/Steinbrock-Ausfahrt-Richtung-Bad-Gro\u00dfenfels_-1200x622.jpg 1200w, https:\/\/null.4jbs.de\/wp-content\/uploads\/2018\/11\/Steinbrock-Ausfahrt-Richtung-Bad-Gro\u00dfenfels_.jpg 1920w\" sizes=\"auto, (max-width: 709px) 85vw, (max-width: 909px) 67vw, (max-width: 1362px) 62vw, 840px\" \/><\/a><figcaption class=\"wp-element-caption\">Ausfahrtskurve in den Brocker Tunnel, scharf am Fabrikzaun vorbei<\/figcaption><\/figure>\n\n\n\n<p>Ein paar bewegte Bilder zum Abschluss.<\/p>\n\n\n\n<figure class=\"wp-block-embed is-type-video is-provider-youtube wp-block-embed-youtube wp-embed-aspect-16-9 wp-has-aspect-ratio\"><div class=\"wp-block-embed__wrapper\">\n<iframe loading=\"lazy\" title=\"Nebenstrecken im Tal der Ihmse\" width=\"840\" height=\"473\" src=\"https:\/\/www.youtube.com\/embed\/W6JQ1rsokIw?feature=oembed\" frameborder=\"0\" allow=\"accelerometer; autoplay; clipboard-write; encrypted-media; gyroscope; picture-in-picture; web-share\" referrerpolicy=\"strict-origin-when-cross-origin\" allowfullscreen><\/iframe>\n<\/div><figcaption class=\"wp-element-caption\">Ein Eilzug Immburg &#8211; Bad Gro\u00dfenfels f\u00e4hrt durch<\/figcaption><\/figure>\n\n\n\n<figure class=\"wp-block-embed is-type-video is-provider-youtube wp-block-embed-youtube wp-embed-aspect-16-9 wp-has-aspect-ratio\"><div class=\"wp-block-embed__wrapper\">\n<iframe loading=\"lazy\" title=\"Eilzug V200-4yg-4yg-A4\u00fc\" width=\"840\" height=\"473\" src=\"https:\/\/www.youtube.com\/embed\/pwJZ8-BGH5o?feature=oembed\" frameborder=\"0\" allow=\"accelerometer; autoplay; clipboard-write; encrypted-media; gyroscope; picture-in-picture; web-share\" referrerpolicy=\"strict-origin-when-cross-origin\" allowfullscreen><\/iframe>\n<\/div><figcaption class=\"wp-element-caption\">Ein Ng Bad Gro\u00dfenfels &#8211; Imburg wird von einem Eilzug \u00fcberholt <\/figcaption><\/figure>\n\n\n\n<figure class=\"wp-block-embed is-type-video is-provider-youtube wp-block-embed-youtube wp-embed-aspect-16-9 wp-has-aspect-ratio\"><div class=\"wp-block-embed__wrapper\">\n<iframe loading=\"lazy\" title=\"Letzte Fahrt des Personenzugs mit BR50\" width=\"840\" height=\"473\" src=\"https:\/\/www.youtube.com\/embed\/4Xq7miijky8?feature=oembed\" frameborder=\"0\" allow=\"accelerometer; autoplay; clipboard-write; encrypted-media; gyroscope; picture-in-picture; web-share\" referrerpolicy=\"strict-origin-when-cross-origin\" allowfullscreen><\/iframe>\n<\/div><figcaption class=\"wp-element-caption\">Die letzte Fahrt dieses sch\u00f6nen Personenzuges<\/figcaption><\/figure>\n\n\n\n<figure class=\"wp-block-embed is-type-video is-provider-youtube wp-block-embed-youtube wp-embed-aspect-16-9 wp-has-aspect-ratio\"><div class=\"wp-block-embed__wrapper\">\n<iframe loading=\"lazy\" title=\"Schranke in Steinbrock\" width=\"840\" height=\"473\" src=\"https:\/\/www.youtube.com\/embed\/56Eb2jCZ2Iw?feature=oembed\" frameborder=\"0\" allow=\"accelerometer; autoplay; clipboard-write; encrypted-media; gyroscope; picture-in-picture; web-share\" referrerpolicy=\"strict-origin-when-cross-origin\" allowfullscreen><\/iframe>\n<\/div><figcaption class=\"wp-element-caption\">Bahn\u00fcbergang (noch ohne Gebimmel, kommt noch)<\/figcaption><\/figure>\n\n\n\n<p><\/p>\n","protected":false},"excerpt":{"rendered":"<p>So sieht es heute in und um den Bahnhof Steinbrock aus. Von links nach rechts. Bilder aus der Bauphase sind im Blog zu finden. Ein paar bewegte Bilder zum Abschluss.<\/p>\n","protected":false},"author":1,"featured_media":0,"parent":0,"menu_order":0,"comment_status":"closed","ping_status":"closed","template":"","meta":{"footnotes":""},"class_list":["post-401","page","type-page","status-publish","hentry"],"_links":{"self":[{"href":"https:\/\/null.4jbs.de\/index.php?rest_route=\/wp\/v2\/pages\/401","targetHints":{"allow":["GET"]}}],"collection":[{"href":"https:\/\/null.4jbs.de\/index.php?rest_route=\/wp\/v2\/pages"}],"about":[{"href":"https:\/\/null.4jbs.de\/index.php?rest_route=\/wp\/v2\/types\/page"}],"author":[{"embeddable":true,"href":"https:\/\/null.4jbs.de\/index.php?rest_route=\/wp\/v2\/users\/1"}],"replies":[{"embeddable":true,"href":"https:\/\/null.4jbs.de\/index.php?rest_route=%2Fwp%2Fv2%2Fcomments&post=401"}],"version-history":[{"count":8,"href":"https:\/\/null.4jbs.de\/index.php?rest_route=\/wp\/v2\/pages\/401\/revisions"}],"predecessor-version":[{"id":1828,"href":"https:\/\/null.4jbs.de\/index.php?rest_route=\/wp\/v2\/pages\/401\/revisions\/1828"}],"wp:attachment":[{"href":"https:\/\/null.4jbs.de\/index.php?rest_route=%2Fwp%2Fv2%2Fmedia&parent=401"}],"curies":[{"name":"wp","href":"https:\/\/api.w.org\/{rel}","templated":true}]}}