{"id":23,"date":"2016-03-07T14:55:59","date_gmt":"2016-03-07T13:55:59","guid":{"rendered":"http:\/\/null.4jbs.de\/?page_id=23"},"modified":"2025-02-06T13:46:34","modified_gmt":"2025-02-06T12:46:34","slug":"idee","status":"publish","type":"page","link":"https:\/\/null.4jbs.de\/","title":{"rendered":"Wie alles begann"},"content":{"rendered":"\n<p>Zu meinem 60. stand v\u00f6llig unerwartet ein Lenz&#8217;sches Start-Set auf dem Gabentisch. Meine Holde war der Meinung, dass in dem Alter was Gr\u00f6\u00dferes n\u00f6tig sei und mein bester Freund hat das auch noch nach Kr\u00e4ften unterst\u00fctzt. \u00a0Das war im August 2012.<\/p>\n\n\n\n<p>Seitdem habe ich meine x-te H0-Anlage in ihrem fast fertigen Rohbaustadium keines Blickes mehr gew\u00fcrdigt.<\/p>\n\n\n\n<p>Die Entstehung der neuen&nbsp;Anlage werde ich auf diesen Seiten dokumentieren &#8211; in erster Linie f\u00fcr mich selbst und f\u00fcr fallweise Mitspieler. \u00c4hmm, nat\u00fcrlich spielen wir nicht, sondern machen Betrieb \ud83d\ude42 .<\/p>\n\n\n\n<figure class=\"wp-block-image size-full\"><a href=\"https:\/\/null.4jbs.de\/wp-content\/uploads\/2025\/01\/Karte-mit-BG-Schloss-Trajekt-und-Bad-Ihms.jpg\"><img loading=\"lazy\" decoding=\"async\" width=\"1228\" height=\"540\" src=\"https:\/\/null.4jbs.de\/wp-content\/uploads\/2025\/01\/Karte-mit-BG-Schloss-Trajekt-und-Bad-Ihms.jpg\" alt=\"Das Tal der Ihmse (Update am 13.01.2025)\" class=\"wp-image-1925\" srcset=\"https:\/\/null.4jbs.de\/wp-content\/uploads\/2025\/01\/Karte-mit-BG-Schloss-Trajekt-und-Bad-Ihms.jpg 1228w, https:\/\/null.4jbs.de\/wp-content\/uploads\/2025\/01\/Karte-mit-BG-Schloss-Trajekt-und-Bad-Ihms-300x132.jpg 300w, https:\/\/null.4jbs.de\/wp-content\/uploads\/2025\/01\/Karte-mit-BG-Schloss-Trajekt-und-Bad-Ihms-1024x450.jpg 1024w, https:\/\/null.4jbs.de\/wp-content\/uploads\/2025\/01\/Karte-mit-BG-Schloss-Trajekt-und-Bad-Ihms-768x338.jpg 768w, https:\/\/null.4jbs.de\/wp-content\/uploads\/2025\/01\/Karte-mit-BG-Schloss-Trajekt-und-Bad-Ihms-1200x528.jpg 1200w\" sizes=\"auto, (max-width: 709px) 85vw, (max-width: 909px) 67vw, (max-width: 1362px) 62vw, 840px\" \/><\/a><figcaption class=\"wp-element-caption\">Das Tal der Ihmse (Update am 13.01.2025)<\/figcaption><\/figure>\n\n\n\n<p><\/p>\n\n\n\n<p>Auch wenn du hier nur zuf\u00e4llig vorbeigekommen bist: Herzlich willkommen! Die Kommentarfunktion ist abgeschaltet, wenn Du mir etwas mitteilen m\u00f6chtest, meine E-Mail Adresse steht&nbsp;im Impressum.<\/p>\n\n\n\n<p>Weiter mit der <a href=\"http:\/\/null.4jbs.de\/?page_id=36\">Projektidee<\/a>.<\/p>\n","protected":false},"excerpt":{"rendered":"<p>Zu meinem 60. stand v\u00f6llig unerwartet ein Lenz&#8217;sches Start-Set auf dem Gabentisch. Meine Holde war der Meinung, dass in dem Alter was Gr\u00f6\u00dferes n\u00f6tig sei und mein bester Freund hat das auch noch nach Kr\u00e4ften unterst\u00fctzt. \u00a0Das war im August 2012. Seitdem habe ich meine x-te H0-Anlage in ihrem fast fertigen Rohbaustadium keines Blickes mehr &hellip; <a href=\"https:\/\/null.4jbs.de\/\" class=\"more-link\"><span class=\"screen-reader-text\">\u201eWie alles begann\u201c<\/span> weiterlesen<\/a><\/p>\n","protected":false},"author":1,"featured_media":0,"parent":0,"menu_order":0,"comment_status":"closed","ping_status":"closed","template":"","meta":{"footnotes":""},"class_list":["post-23","page","type-page","status-publish","hentry"],"_links":{"self":[{"href":"https:\/\/null.4jbs.de\/index.php?rest_route=\/wp\/v2\/pages\/23","targetHints":{"allow":["GET"]}}],"collection":[{"href":"https:\/\/null.4jbs.de\/index.php?rest_route=\/wp\/v2\/pages"}],"about":[{"href":"https:\/\/null.4jbs.de\/index.php?rest_route=\/wp\/v2\/types\/page"}],"author":[{"embeddable":true,"href":"https:\/\/null.4jbs.de\/index.php?rest_route=\/wp\/v2\/users\/1"}],"replies":[{"embeddable":true,"href":"https:\/\/null.4jbs.de\/index.php?rest_route=%2Fwp%2Fv2%2Fcomments&post=23"}],"version-history":[{"count":27,"href":"https:\/\/null.4jbs.de\/index.php?rest_route=\/wp\/v2\/pages\/23\/revisions"}],"predecessor-version":[{"id":2075,"href":"https:\/\/null.4jbs.de\/index.php?rest_route=\/wp\/v2\/pages\/23\/revisions\/2075"}],"wp:attachment":[{"href":"https:\/\/null.4jbs.de\/index.php?rest_route=%2Fwp%2Fv2%2Fmedia&parent=23"}],"curies":[{"name":"wp","href":"https:\/\/api.w.org\/{rel}","templated":true}]}}