{"id":218,"date":"2016-03-11T13:29:51","date_gmt":"2016-03-11T12:29:51","guid":{"rendered":"http:\/\/null.4jbs.de\/?page_id=218"},"modified":"2019-02-20T16:33:59","modified_gmt":"2019-02-20T15:33:59","slug":"steinbrock","status":"publish","type":"page","link":"https:\/\/null.4jbs.de\/?page_id=218","title":{"rendered":"Steinbrock"},"content":{"rendered":"\n<p><\/p>\n\n\n<p>Steinbrock ist ein Ort, der durch kleine Industrien und sonstiges Gewerbe gepr\u00e4gt ist. Hier zweigt die Nebenstrecke nach H\u00f6henseen von der Strecke Immburg &#8211; Bad Gro\u00dfenfels ab.<\/p>\n<figure id=\"attachment_328\" aria-describedby=\"caption-attachment-328\" style=\"width: 840px\" class=\"wp-caption alignleft\"><a href=\"http:\/\/null.4jbs.de\/wp-content\/uploads\/2016\/03\/Steinbrock-4.png\"><img loading=\"lazy\" decoding=\"async\" class=\"wp-image-328 size-large\" src=\"http:\/\/null.4jbs.de\/wp-content\/uploads\/2016\/03\/Steinbrock-4-1024x300.png\" alt=\"Steinbrock\" width=\"840\" height=\"246\" srcset=\"https:\/\/null.4jbs.de\/wp-content\/uploads\/2016\/03\/Steinbrock-4-1024x300.png 1024w, https:\/\/null.4jbs.de\/wp-content\/uploads\/2016\/03\/Steinbrock-4-300x88.png 300w, https:\/\/null.4jbs.de\/wp-content\/uploads\/2016\/03\/Steinbrock-4-768x225.png 768w, https:\/\/null.4jbs.de\/wp-content\/uploads\/2016\/03\/Steinbrock-4-1200x351.png 1200w\" sizes=\"auto, (max-width: 709px) 85vw, (max-width: 909px) 67vw, (max-width: 1362px) 62vw, 840px\" \/><\/a><figcaption id=\"caption-attachment-328\" class=\"wp-caption-text\">Der Plan<\/figcaption><\/figure>\n<p>\u00a0<\/p>\n<figure id=\"attachment_1106\" aria-describedby=\"caption-attachment-1106\" style=\"width: 840px\" class=\"wp-caption alignleft\"><a href=\"http:\/\/null.4jbs.de\/wp-content\/uploads\/2019\/02\/Steinbrock-gebaut.png\"><img loading=\"lazy\" decoding=\"async\" class=\"wp-image-1106 size-large\" src=\"http:\/\/null.4jbs.de\/wp-content\/uploads\/2019\/02\/Steinbrock-gebaut-1024x298.png\" alt=\"\" width=\"840\" height=\"244\" srcset=\"https:\/\/null.4jbs.de\/wp-content\/uploads\/2019\/02\/Steinbrock-gebaut-1024x298.png 1024w, https:\/\/null.4jbs.de\/wp-content\/uploads\/2019\/02\/Steinbrock-gebaut-300x87.png 300w, https:\/\/null.4jbs.de\/wp-content\/uploads\/2019\/02\/Steinbrock-gebaut-768x223.png 768w, https:\/\/null.4jbs.de\/wp-content\/uploads\/2019\/02\/Steinbrock-gebaut-1200x349.png 1200w\" sizes=\"auto, (max-width: 709px) 85vw, (max-width: 909px) 67vw, (max-width: 1362px) 62vw, 840px\" \/><\/a><figcaption id=\"caption-attachment-1106\" class=\"wp-caption-text\">Und so wurde Steinbrock tats\u00e4chlich gebaut<\/figcaption><\/figure>\n<h6>Bahnhof Steinbrock an der Strecke Immburg &#8211; Bad Gro\u00dfenfels<\/h6>\n<ul>\n<li>Gleis 1: Kreuzungsgleis Immburg &#8211; Bad Gro\u00dfenfels und Abzweig in Richtung Steinbrock F\u00e4hre<\/li>\n<li>Gleis 2: Durchgehendes Gleis Immburg &#8211; Bad Gro\u00dfenfels<\/li>\n<li>Gleis 3: Ortsg\u00fcteranlage<\/li>\n<li>Gleis 3a: Schotterverladung<\/li>\n<li>Gleise 4a\/b: Anschluss Sander&amp;S\u00f6hne<\/li>\n<\/ul>\n<h6>Ortsg\u00fcteranlage<\/h6>\n<p>Die Ortsg\u00fcteranlage besteht aus Ladestra\u00dfe und Rampe. Die Verladung von St\u00fcckgut erfolgt an der Rampe. \u00dcber den Seiteneingang des Empfangsgeb\u00e4udes gelangt man in einen Lagerraum f\u00fcr das St\u00fcckgut.<\/p>\n<h6>Schotterverladung<\/h6>\n<p>Die Einrichtung dient der Verladung von Dienstschotter. Die Steine werden per Feldbahn (0e) angeliefert. Eine BR80\u00a0mit 3 leeren Talbots die wagenweise unter der Verladeanlage durchgeschoben werden. Hinter der Kulisse werden dann per Hand Ladungsattrappen in die Wagen eingelegt. Anschlie\u00dfend f\u00e4hrt der Zug geschoben in Richtung Steinbrock F\u00e4hre f\u00fcr die Versorgung der dort befindliche Gleisbaustelle. Hier werden die Ladungseins\u00e4tze der Wagen entnommen und der Zug f\u00e4hrt zur\u00fcck zur Verladung.<\/p>\n<h6>Firma Sander&amp;S\u00f6hne<\/h6>\n<p>Die Firma versendet Quarzsand mit KDS 54, die dazu an die Silos in Gleis 4b gefahren werden (Silo 1 ist sichtbar, Silo 2 in der Kulisse). Parallel k\u00f6nnen bis zu zwei KDS beladen werden. Die Anlieferung von Materialien verschiedener Art erfolgt mit gedeckten G\u00fcterwagen \u00fcber das Gleis 4a.<\/p>\n<p>\u00a0<\/p>\n\n\n<p><\/p>\n","protected":false},"excerpt":{"rendered":"<p>Steinbrock ist ein Ort, der durch kleine Industrien und sonstiges Gewerbe gepr\u00e4gt ist. Hier zweigt die Nebenstrecke nach H\u00f6henseen von der Strecke Immburg &#8211; Bad Gro\u00dfenfels ab. \u00a0 Bahnhof Steinbrock an der Strecke Immburg &#8211; Bad Gro\u00dfenfels Gleis 1: Kreuzungsgleis Immburg &#8211; Bad Gro\u00dfenfels und Abzweig in Richtung Steinbrock F\u00e4hre Gleis 2: Durchgehendes Gleis Immburg &hellip; <a href=\"https:\/\/null.4jbs.de\/?page_id=218\" class=\"more-link\"><span class=\"screen-reader-text\">\u201eSteinbrock\u201c<\/span> weiterlesen<\/a><\/p>\n","protected":false},"author":1,"featured_media":0,"parent":0,"menu_order":0,"comment_status":"closed","ping_status":"closed","template":"","meta":{"footnotes":""},"class_list":["post-218","page","type-page","status-publish","hentry"],"_links":{"self":[{"href":"https:\/\/null.4jbs.de\/index.php?rest_route=\/wp\/v2\/pages\/218","targetHints":{"allow":["GET"]}}],"collection":[{"href":"https:\/\/null.4jbs.de\/index.php?rest_route=\/wp\/v2\/pages"}],"about":[{"href":"https:\/\/null.4jbs.de\/index.php?rest_route=\/wp\/v2\/types\/page"}],"author":[{"embeddable":true,"href":"https:\/\/null.4jbs.de\/index.php?rest_route=\/wp\/v2\/users\/1"}],"replies":[{"embeddable":true,"href":"https:\/\/null.4jbs.de\/index.php?rest_route=%2Fwp%2Fv2%2Fcomments&post=218"}],"version-history":[{"count":21,"href":"https:\/\/null.4jbs.de\/index.php?rest_route=\/wp\/v2\/pages\/218\/revisions"}],"predecessor-version":[{"id":1115,"href":"https:\/\/null.4jbs.de\/index.php?rest_route=\/wp\/v2\/pages\/218\/revisions\/1115"}],"wp:attachment":[{"href":"https:\/\/null.4jbs.de\/index.php?rest_route=%2Fwp%2Fv2%2Fmedia&parent=218"}],"curies":[{"name":"wp","href":"https:\/\/api.w.org\/{rel}","templated":true}]}}