{"id":14,"date":"2016-03-07T13:01:34","date_gmt":"2016-03-07T12:01:34","guid":{"rendered":"http:\/\/null.4jbs.de\/?page_id=14"},"modified":"2025-02-06T13:44:58","modified_gmt":"2025-02-06T12:44:58","slug":"konzeption","status":"publish","type":"page","link":"https:\/\/null.4jbs.de\/?page_id=14","title":{"rendered":"Konzeption"},"content":{"rendered":"\n<p>Kommen wir nun von der Idee zur Konzeption, in der die Weichen f\u00fcr die Planung gestellt werden.<\/p>\n\n\n\n<h6 class=\"wp-block-heading\"><strong>Thema<\/strong><\/h6>\n\n\n\n<figure class=\"wp-block-image size-full\"><a href=\"https:\/\/null.4jbs.de\/wp-content\/uploads\/2025\/01\/Karte-mit-BG-Schloss-Trajekt-und-Bad-Ihms.jpg\"><img loading=\"lazy\" decoding=\"async\" width=\"1228\" height=\"540\" src=\"https:\/\/null.4jbs.de\/wp-content\/uploads\/2025\/01\/Karte-mit-BG-Schloss-Trajekt-und-Bad-Ihms.jpg\" alt=\"Karte erweitert um Bad Ihms\" class=\"wp-image-1925\" srcset=\"https:\/\/null.4jbs.de\/wp-content\/uploads\/2025\/01\/Karte-mit-BG-Schloss-Trajekt-und-Bad-Ihms.jpg 1228w, https:\/\/null.4jbs.de\/wp-content\/uploads\/2025\/01\/Karte-mit-BG-Schloss-Trajekt-und-Bad-Ihms-300x132.jpg 300w, https:\/\/null.4jbs.de\/wp-content\/uploads\/2025\/01\/Karte-mit-BG-Schloss-Trajekt-und-Bad-Ihms-1024x450.jpg 1024w, https:\/\/null.4jbs.de\/wp-content\/uploads\/2025\/01\/Karte-mit-BG-Schloss-Trajekt-und-Bad-Ihms-768x338.jpg 768w, https:\/\/null.4jbs.de\/wp-content\/uploads\/2025\/01\/Karte-mit-BG-Schloss-Trajekt-und-Bad-Ihms-1200x528.jpg 1200w\" sizes=\"auto, (max-width: 709px) 85vw, (max-width: 909px) 67vw, (max-width: 1362px) 62vw, 840px\" \/><\/a><figcaption class=\"wp-element-caption\">Das Tal der Ihmse (Update am 13.01.2025)<\/figcaption><\/figure>\n\n\n\n<p>Da ich keine reale Vorbildsituation nachbaue, ist alles erstunken und erlogen, aber&nbsp;nicht willk\u00fcrlich. Es h\u00e4tte so oder so \u00e4hnlich sein k\u00f6nnen und zwar irgendwo in Nordwestdeutschland bei&nbsp;leicht h\u00fcgeligem Gel\u00e4nde in einem Flusstal. Eine eingleisige, streckenweise hauptbahnm\u00e4\u00dfig ausgebaute Nebenbahn mit mehreren Bahnh\u00f6fen und Anschlussstellen sorgt f\u00fcr einen abwechslungsreichen&nbsp;Betrieb.<\/p>\n\n\n\n<p>Die Kreisstadt <em>Immburg<\/em>&nbsp;liegt an einer zweigleisigen Hauptstrecke, von der hier die 66 km lange eingleisige Nebenstrecke zum Kurort <em>Bad Gro\u00dfenfels<\/em> abzweigt. Diese Strecke&nbsp;ist aufgrund des \u00fcberregional bekannten&nbsp;Kurortes hauptbahnm\u00e4\u00dfig ausgebaut. Von dem industriell gepr\u00e4gten <em>Steinbrock<\/em> zweigt die Nebenstrecke nach <em>H\u00f6henseen<\/em> ab. Die urspr\u00fcngliche Weiterf\u00fchrung der Strecke per F\u00e4hre \u00fcber die Ihmse ist bereits stillgelegt, wodurch der Bahnhof <em>Steinbrock F\u00e4hre<\/em> zur Spitzkehre ohne Umsetzm\u00f6glichkeit zur\u00fcckgebaut wurde.<\/p>\n\n\n\n<h6 class=\"wp-block-heading\">Zeitliche Einordung<\/h6>\n\n\n<div class=\"wp-block-image wp-image-357 size-medium\">\n<figure class=\"alignright\"><img loading=\"lazy\" decoding=\"async\" width=\"300\" height=\"207\" src=\"http:\/\/null.4jbs.de\/wp-content\/uploads\/2016\/03\/BR03Altona1969-300x207.jpg\" alt=\"BR03Altona1969\" class=\"wp-image-357\" srcset=\"https:\/\/null.4jbs.de\/wp-content\/uploads\/2016\/03\/BR03Altona1969-300x207.jpg 300w, https:\/\/null.4jbs.de\/wp-content\/uploads\/2016\/03\/BR03Altona1969.jpg 707w\" sizes=\"auto, (max-width: 300px) 85vw, 300px\" \/><figcaption class=\"wp-element-caption\">BR03 in Hamburg-Altona<\/figcaption><\/figure><\/div>\n\n\n<p>Spielen soll das Ganze&nbsp;in der Epoche 3 in den&nbsp;60er Jahren &#8211;&nbsp;Bl\u00fctezeit der Deutsche Bundesbahn.<\/p>\n\n\n\n<p>Als Hamburger waren f\u00fcr mich damals nur die&nbsp;Schnellzug Lokomotiven und VTs interessant. Immerhin ziehen abwechselnd eine V200.0 und eine V200.1 den w\u00f6chentlichen Eilzug nach Bad Gro\u00dfenfels. Der Schwesterlokomotive&nbsp; &#8222;meiner&#8220; MBW V 200 131 stand ich damals&nbsp;im wahrsten Sinne des Worte&nbsp;sehr nahe \ud83d\ude42 &#8211; wie das Foto unten beweist.<\/p>\n\n\n\n<p>Kalendarisch befinden wir uns im Sp\u00e4tsommer bis zur&nbsp;Erntezeit.<\/p>\n\n\n<div class=\"wp-block-image wp-image-360 size-medium\">\n<figure class=\"alignright\"><img loading=\"lazy\" decoding=\"async\" width=\"300\" height=\"192\" src=\"http:\/\/null.4jbs.de\/wp-content\/uploads\/2016\/03\/Dieselpower-Altona-web-300x192.jpg\" alt=\"Dieselpower-Altona-web\" class=\"wp-image-360\" srcset=\"https:\/\/null.4jbs.de\/wp-content\/uploads\/2016\/03\/Dieselpower-Altona-web-300x192.jpg 300w, https:\/\/null.4jbs.de\/wp-content\/uploads\/2016\/03\/Dieselpower-Altona-web.jpg 659w\" sizes=\"auto, (max-width: 300px) 85vw, 300px\" \/><figcaption class=\"wp-element-caption\"><strong>Dieselpower in Hamburg-Altona<\/strong><\/figcaption><\/figure><\/div>\n\n\n<h6 class=\"wp-block-heading\">Verkehr<\/h6>\n\n\n\n<p>Haupts\u00e4chlich Personen-Nahverkehr, vereinzelt Eilz\u00fcge auf der Relation <em>Immburg<\/em> &#8211; <em>Bad Gro\u00dfenfels<\/em>.&nbsp;&nbsp;G\u00fcterverkehr mit&nbsp;Nahg\u00fcterz\u00fcgen von <em>Immburg<\/em> nach <em>Bad Gro\u00dfenfels<\/em>. Die Orte <em>Steinbrock<\/em>, <em>Steinbrock F\u00e4hre<\/em> und <em>H\u00f6henseen<\/em> werden per \u00dcbergaben von<em> Bad Gro\u00dfenfels<\/em> bedient.&nbsp;Sperrfahrten zwischen <em>H\u00f6henseen<\/em> und dem Hafen in der N\u00e4he.<\/p>\n\n\n<div class=\"wp-block-image wp-image-367 size-medium\">\n<figure class=\"alignleft\"><img loading=\"lazy\" decoding=\"async\" width=\"300\" height=\"239\" src=\"http:\/\/null.4jbs.de\/wp-content\/uploads\/2016\/03\/V200133-Hamburg-HBF-web-300x239.jpg\" alt=\"V200133-Hamburg-HBF-web\" class=\"wp-image-367\" srcset=\"https:\/\/null.4jbs.de\/wp-content\/uploads\/2016\/03\/V200133-Hamburg-HBF-web-300x239.jpg 300w, https:\/\/null.4jbs.de\/wp-content\/uploads\/2016\/03\/V200133-Hamburg-HBF-web.jpg 635w\" sizes=\"auto, (max-width: 300px) 85vw, 300px\" \/><figcaption class=\"wp-element-caption\">V 200 133 in Hamburg HBF<\/figcaption><\/figure><\/div>\n\n\n<p>Die Z\u00fcge werden mit Dampf-&nbsp;oder Dieselloks bespannt. 14m-Drehscheiben in Immburg und Bad Gro\u00dfenfels&nbsp;erm\u00f6glichen das Drehen kurzer&nbsp;Schlepptenderloks. Ansonsten werden Wendez\u00fcge&nbsp;und&nbsp; Schienenbusse eingesetzt.<\/p>\n\n\n\n<p>Eine K\u00f6f ist als Rangierlok in Bad Gro\u00dfenfels stationiert und eine V60 \u00fcbernimmt den \u00dcbergabe- und Rangierdienst auf den anderen Bahnh\u00f6fen.<\/p>\n\n\n\n<h6 class=\"wp-block-heading\"><strong>Betrieb<\/strong><\/h6>\n\n\n\n<p>Der Betrieb l\u00e4uft nach Fahrplan im Zeitverh\u00e4ltnis 1:1. Der G\u00fcterverkehr wird mit G\u00fcterwagenkarten und Frachtzetteln m\u00f6glichst realistisch dargestellt.<\/p>\n\n\n\n<h6 class=\"wp-block-heading\"><strong>Sichtbare Szenen <\/strong><\/h6>\n\n\n\n<p>Die&nbsp;Bahnh\u00f6fe&nbsp;von&nbsp;<em>Bad Gro\u00dfenfels<\/em> (untere Ebene), <em>Steinbrock<\/em> (untere Ebene)&nbsp;und <em>H\u00f6henseen<\/em> (obere Ebene) sind in drei B\u00fchnenbildern dargestellt. Ebenso wie die&nbsp;Schotter- und Siloverladungen&nbsp;in <em>Steinbrock<\/em> sowie die Schlossbrauerei in <em>Bad Burgenstein<\/em>. Auf der oberen Ebene ist neben dem Bahnhof&nbsp; auch der Flusshafen von <em>H\u00f6henseen<\/em> sowie eine kleine Fabrik dargestellt. Au\u00dferdem sieht man hier den Haltepunkt <em>H\u00f6henseen Wald<\/em>.<\/p>\n\n\n\n<h6 class=\"wp-block-heading\"><strong>Schattenwelt<\/strong><\/h6>\n\n\n\n<p><em>Immburg<\/em> (untere Ebene) ist der Speicherbahnhof f\u00fcr alles westlich von <em>Steinbrock<\/em> und <em>Steinbrock F\u00e4hre<\/em> ist eine vertikale Weiche zwischen den beiden Ebenen mit eingeschr\u00e4nkter Kreuzungsm\u00f6glichkeit und Fabrikanschluss. Die Schattenwelt liegt gr\u00f6\u00dftenteils aber gar nicht im Schatten, ist nur nicht direkt sichtbar.&nbsp;Grunds\u00e4tzlich will ich m\u00f6glichst wenig Untergrundverkehr haben.<\/p>\n\n\n\n<h6 class=\"wp-block-heading\"><strong>Bau mit Modulen oder Segmenten?<\/strong><\/h6>\n\n\n\n<p>Module machen aus meiner Sicht \u00fcberhaupt nur Sinn, wenn man damit auf Reisen gehen will. Will ich definitiv nicht, also&nbsp;keine Module. Was ist mit Segmenten?&nbsp; Segmente sind flexibler als Module, kosten aber&nbsp;ebenso viel zus\u00e4tzlichen Aufwand in der Erstellung. Warum also?&nbsp;Eigentlich nur, wenn ein Umzug&nbsp;in den&nbsp;n\u00e4chsten Jahren ansteht. In meinem Fall k\u00f6nnte ich dann wohl weder Module noch Segmente mitnehmen \ud83d\ude41 .&nbsp;Das Argument des einfachen Austausches&nbsp;von einzelnen Segmenten erschlie\u00dft sich mir&nbsp;eben so wenig&nbsp;wie das Wiederverwenden einzelner&nbsp;Segmente bei einer&nbsp;neuen Anlage. Wenn&nbsp;neu gebaut werden soll, dann doch weil das&nbsp;Bestehende&nbsp;nicht so recht&nbsp;gef\u00e4llt &#8211; und&nbsp;dann&nbsp;ran mit der Abrissbirne und&nbsp;neu bauen ohne Altlasten mitzuschleppen.&nbsp;Hochbauten oder Landschaftsteile auf Styrodur&nbsp;und einzelne Gleisfragmente kann man auch ohne Segmentbauweise recyceln. Also auch keine Segmente.&nbsp;Stattdessen klassische Rahmen mit ein paar&nbsp;Zentimetern Styrodur oben drauf.<\/p>\n\n\n\n<h6 class=\"wp-block-heading\"><strong>Make or Buy?<\/strong><\/h6>\n\n\n\n<p>Was kann ich selberbauen und was sollte ich besser kaufen? Klare Sache, alles was zu vern\u00fcnftigen Preisen zu kaufen ist, wird gekauft sofern es das Budget hergibt, oder eben fallengelassen wenn nicht. Meist entscheidet ja sowie das K\u00f6nnen dar\u00fcber. Ich trau mir einfach nicht zu, eine Lok selbst zu bauen und bewundere diejenigen, die das beherrschen. Bei bestimmten Wagen werde ich mich an Baus\u00e4tzen versuchen, aber nur weil es die Modelle nicht von der Stange gibt und ich sie unbedingt haben will. Bei Geb\u00e4uden werde ich wohl meist um Selbstbau nicht herumkommen, was ja auch ok ist. Elektroniksachen k\u00f6nnte ich alle selbst konstruieren und Baus\u00e4tze zusammenl\u00f6ten sowieso, aber warum? Um ein paar&nbsp;Euro zu sparen? Die Zeit kann ich besser nutzen.&nbsp;&nbsp;Wenn ich alleine an die Ausgestaltung denke&#8230;<\/p>\n\n\n\n<p>Weiter mit <a href=\"http:\/\/null.4jbs.de\/?page_id=91\">Planung<\/a>&#8230;<\/p>\n","protected":false},"excerpt":{"rendered":"<p>Kommen wir nun von der Idee zur Konzeption, in der die Weichen f\u00fcr die Planung gestellt werden. Thema Da ich keine reale Vorbildsituation nachbaue, ist alles erstunken und erlogen, aber&nbsp;nicht willk\u00fcrlich. Es h\u00e4tte so oder so \u00e4hnlich sein k\u00f6nnen und zwar irgendwo in Nordwestdeutschland bei&nbsp;leicht h\u00fcgeligem Gel\u00e4nde in einem Flusstal. Eine eingleisige, streckenweise hauptbahnm\u00e4\u00dfig ausgebaute &hellip; <a href=\"https:\/\/null.4jbs.de\/?page_id=14\" class=\"more-link\"><span class=\"screen-reader-text\">\u201eKonzeption\u201c<\/span> weiterlesen<\/a><\/p>\n","protected":false},"author":1,"featured_media":0,"parent":0,"menu_order":0,"comment_status":"closed","ping_status":"closed","template":"","meta":{"footnotes":""},"class_list":["post-14","page","type-page","status-publish","hentry"],"_links":{"self":[{"href":"https:\/\/null.4jbs.de\/index.php?rest_route=\/wp\/v2\/pages\/14","targetHints":{"allow":["GET"]}}],"collection":[{"href":"https:\/\/null.4jbs.de\/index.php?rest_route=\/wp\/v2\/pages"}],"about":[{"href":"https:\/\/null.4jbs.de\/index.php?rest_route=\/wp\/v2\/types\/page"}],"author":[{"embeddable":true,"href":"https:\/\/null.4jbs.de\/index.php?rest_route=\/wp\/v2\/users\/1"}],"replies":[{"embeddable":true,"href":"https:\/\/null.4jbs.de\/index.php?rest_route=%2Fwp%2Fv2%2Fcomments&post=14"}],"version-history":[{"count":58,"href":"https:\/\/null.4jbs.de\/index.php?rest_route=\/wp\/v2\/pages\/14\/revisions"}],"predecessor-version":[{"id":2074,"href":"https:\/\/null.4jbs.de\/index.php?rest_route=\/wp\/v2\/pages\/14\/revisions\/2074"}],"wp:attachment":[{"href":"https:\/\/null.4jbs.de\/index.php?rest_route=%2Fwp%2Fv2%2Fmedia&parent=14"}],"curies":[{"name":"wp","href":"https:\/\/api.w.org\/{rel}","templated":true}]}}