{"id":1199,"date":"2019-11-20T13:52:22","date_gmt":"2019-11-20T12:52:22","guid":{"rendered":"http:\/\/null.4jbs.de\/?page_id=1199"},"modified":"2019-12-06T18:00:47","modified_gmt":"2019-12-06T17:00:47","slug":"mehr","status":"publish","type":"page","link":"https:\/\/null.4jbs.de\/?page_id=1199","title":{"rendered":"Mehr?"},"content":{"rendered":"\n<p>Ich finde, dass diese Foren, Blogs und Projektseiten deinen Besuch verdienen.<\/p>\n\n\n\n<div class=\"wp-block-group\"><div class=\"wp-block-group__inner-container is-layout-flow wp-block-group-is-layout-flow\">\n<hr class=\"wp-block-separator is-style-wide\"\/>\n\n\n\n<div class=\"wp-block-columns is-layout-flex wp-container-core-columns-is-layout-9d6595d7 wp-block-columns-is-layout-flex\">\n<div class=\"wp-block-column is-layout-flow wp-block-column-is-layout-flow\">\n<figure class=\"wp-block-image size-large\"><a href=\"https:\/\/forum.spurnull-magazin.de\/\" target=\"_blank\" rel=\"noreferrer noopener\"><img loading=\"lazy\" decoding=\"async\" width=\"170\" height=\"76\" src=\"http:\/\/null.4jbs.de\/wp-content\/uploads\/2019\/11\/snm-logo.gif\" alt=\"\" class=\"wp-image-1241\"\/><\/a><\/figure>\n<\/div>\n\n\n\n<div class=\"wp-block-column is-layout-flow wp-block-column-is-layout-flow\">\n<p>Das Forum des Spur Null Magazins<\/p>\n<\/div>\n<\/div>\n<\/div><\/div>\n\n\n\n<div class=\"wp-block-columns is-layout-flex wp-container-core-columns-is-layout-9d6595d7 wp-block-columns-is-layout-flex\">\n<div class=\"wp-block-column is-layout-flow wp-block-column-is-layout-flow\">\n<figure class=\"wp-block-image size-large\"><a href=\"http:\/\/157949.homepagemodules.de\/\" target=\"_blank\" rel=\"noreferrer noopener\"><img loading=\"lazy\" decoding=\"async\" width=\"443\" height=\"121\" src=\"http:\/\/null.4jbs.de\/wp-content\/uploads\/2019\/11\/MapudLogo-1.png\" alt=\"\" class=\"wp-image-1220\" srcset=\"https:\/\/null.4jbs.de\/wp-content\/uploads\/2019\/11\/MapudLogo-1.png 443w, https:\/\/null.4jbs.de\/wp-content\/uploads\/2019\/11\/MapudLogo-1-300x82.png 300w\" sizes=\"auto, (max-width: 443px) 85vw, 443px\" \/><\/a><\/figure>\n<\/div>\n\n\n\n<div class=\"wp-block-column is-layout-flow wp-block-column-is-layout-flow\">\n<p>Modellbahnanlagen Planungs- und Design-Forum f\u00fcr vorbildgerechten Modellbahnbetrieb<\/p>\n<\/div>\n<\/div>\n\n\n\n<div class=\"wp-block-columns is-layout-flex wp-container-core-columns-is-layout-9d6595d7 wp-block-columns-is-layout-flex\">\n<div class=\"wp-block-column is-layout-flow wp-block-column-is-layout-flow\">\n<figure class=\"wp-block-image size-thumbnail\"><a href=\"https:\/\/www.argespur0.de\/\" target=\"_blank\" rel=\"noreferrer noopener\"><img loading=\"lazy\" decoding=\"async\" width=\"150\" height=\"150\" src=\"http:\/\/null.4jbs.de\/wp-content\/uploads\/2019\/11\/WebsiteIconArge0-150x150.jpg\" alt=\"\" class=\"wp-image-1265\"\/><\/a><\/figure>\n<\/div>\n\n\n\n<div class=\"wp-block-column is-layout-flow wp-block-column-is-layout-flow\">\n<p>Website und Forum der ARGE Spur 0.  Die Internationale Arbeitsgemeinschaft Modellbahnbau Spur 0 e.V. befasst sich seit mehr als 45 Jahren mit der Baugr\u00f6\u00dfe 0.<\/p>\n<\/div>\n<\/div>\n\n\n\n<hr class=\"wp-block-separator is-style-wide\"\/>\n\n\n\n<div class=\"wp-block-columns is-layout-flex wp-container-core-columns-is-layout-9d6595d7 wp-block-columns-is-layout-flex\">\n<div class=\"wp-block-column is-layout-flow wp-block-column-is-layout-flow\">\n<figure class=\"wp-block-image size-thumbnail is-resized\"><a href=\"https:\/\/www.1durch45.de\" target=\"_blank\" rel=\"noreferrer noopener\"><img loading=\"lazy\" decoding=\"async\" src=\"http:\/\/null.4jbs.de\/wp-content\/uploads\/2019\/11\/Websiteicon1DURCH45-150x150.jpg\" alt=\"\" class=\"wp-image-1215\" width=\"100\" height=\"100\" srcset=\"https:\/\/null.4jbs.de\/wp-content\/uploads\/2019\/11\/Websiteicon1DURCH45-150x150.jpg 150w, https:\/\/null.4jbs.de\/wp-content\/uploads\/2019\/11\/Websiteicon1DURCH45-300x300.jpg 300w, https:\/\/null.4jbs.de\/wp-content\/uploads\/2019\/11\/Websiteicon1DURCH45.jpg 644w\" sizes=\"auto, (max-width: 100px) 85vw, 100px\" \/><\/a><\/figure>\n<\/div>\n\n\n\n<div class=\"wp-block-column is-layout-flow wp-block-column-is-layout-flow\">\n<p>1durch45 &#8211; Spur Null Blog mit Bautipps von Edward<\/p>\n<\/div>\n<\/div>\n\n\n\n<div class=\"wp-block-columns is-layout-flex wp-container-core-columns-is-layout-9d6595d7 wp-block-columns-is-layout-flex\">\n<div class=\"wp-block-column is-layout-flow wp-block-column-is-layout-flow\">\n<figure class=\"wp-block-image size-large\"><a href=\"http:\/\/0m-blog.de\/\" target=\"_blank\" rel=\"noreferrer noopener\"><img loading=\"lazy\" decoding=\"async\" width=\"1024\" height=\"309\" src=\"http:\/\/null.4jbs.de\/wp-content\/uploads\/2019\/11\/0mBlogLog-1024x309.png\" alt=\"\" class=\"wp-image-1223\" srcset=\"https:\/\/null.4jbs.de\/wp-content\/uploads\/2019\/11\/0mBlogLog-1024x309.png 1024w, https:\/\/null.4jbs.de\/wp-content\/uploads\/2019\/11\/0mBlogLog-300x91.png 300w, https:\/\/null.4jbs.de\/wp-content\/uploads\/2019\/11\/0mBlogLog-768x232.png 768w, https:\/\/null.4jbs.de\/wp-content\/uploads\/2019\/11\/0mBlogLog.png 1160w\" sizes=\"auto, (max-width: 709px) 85vw, (max-width: 909px) 67vw, (max-width: 1362px) 62vw, 840px\" \/><\/a><\/figure>\n<\/div>\n\n\n\n<div class=\"wp-block-column is-layout-flow wp-block-column-is-layout-flow\">\n<p>Website f\u00fcr Freunde der Meterspur im Ma\u00dfstab 1:45 <\/p>\n<\/div>\n<\/div>\n\n\n\n<div class=\"wp-block-columns is-layout-flex wp-container-core-columns-is-layout-9d6595d7 wp-block-columns-is-layout-flex\">\n<div class=\"wp-block-column is-layout-flow wp-block-column-is-layout-flow\">\n<figure class=\"wp-block-image size-large\"><a href=\"https:\/\/lenzstein.jimdo.com\" target=\"_blank\" rel=\"noreferrer noopener\"><img loading=\"lazy\" decoding=\"async\" width=\"507\" height=\"156\" src=\"http:\/\/null.4jbs.de\/wp-content\/uploads\/2019\/11\/WebsiteIconLenzstein.jpg\" alt=\"\" class=\"wp-image-1246\" srcset=\"https:\/\/null.4jbs.de\/wp-content\/uploads\/2019\/11\/WebsiteIconLenzstein.jpg 507w, https:\/\/null.4jbs.de\/wp-content\/uploads\/2019\/11\/WebsiteIconLenzstein-300x92.jpg 300w\" sizes=\"auto, (max-width: 507px) 85vw, 507px\" \/><\/a><\/figure>\n<\/div>\n\n\n\n<div class=\"wp-block-column is-layout-flow wp-block-column-is-layout-flow\">\n<p>Eisenbahnen und Landschaft&nbsp;&#8211; Berts Modellbau in 1:45, 1:48 und gr\u00f6\u00dfer<\/p>\n<\/div>\n<\/div>\n\n\n\n<div class=\"wp-block-columns is-layout-flex wp-container-core-columns-is-layout-9d6595d7 wp-block-columns-is-layout-flex\">\n<div class=\"wp-block-column is-layout-flow wp-block-column-is-layout-flow\">\n<figure class=\"wp-block-image size-large\"><a href=\"https:\/\/weilroderkleinbahn.jimdo.com\/\" target=\"_blank\" rel=\"noreferrer noopener\"><img loading=\"lazy\" decoding=\"async\" width=\"1024\" height=\"352\" src=\"http:\/\/null.4jbs.de\/wp-content\/uploads\/2019\/11\/WebsiteIconWeilrode-2-1024x352.jpg\" alt=\"\" class=\"wp-image-1263\" srcset=\"https:\/\/null.4jbs.de\/wp-content\/uploads\/2019\/11\/WebsiteIconWeilrode-2-1024x352.jpg 1024w, https:\/\/null.4jbs.de\/wp-content\/uploads\/2019\/11\/WebsiteIconWeilrode-2-300x103.jpg 300w, https:\/\/null.4jbs.de\/wp-content\/uploads\/2019\/11\/WebsiteIconWeilrode-2-768x264.jpg 768w, https:\/\/null.4jbs.de\/wp-content\/uploads\/2019\/11\/WebsiteIconWeilrode-2-1200x412.jpg 1200w, https:\/\/null.4jbs.de\/wp-content\/uploads\/2019\/11\/WebsiteIconWeilrode-2.jpg 1284w\" sizes=\"auto, (max-width: 709px) 85vw, (max-width: 909px) 67vw, (max-width: 1362px) 62vw, 840px\" \/><\/a><\/figure>\n<\/div>\n\n\n\n<div class=\"wp-block-column is-layout-flow wp-block-column-is-layout-flow\">\n<p>Die Weilroder Kleinbahn &#8211; perfekter Modellbau. Voll- und Schmalspur in 1:45<\/p>\n<\/div>\n<\/div>\n\n\n\n<div class=\"wp-block-columns is-layout-flex wp-container-core-columns-is-layout-9d6595d7 wp-block-columns-is-layout-flex\">\n<div class=\"wp-block-column is-layout-flow wp-block-column-is-layout-flow\">\n<figure class=\"wp-block-image size-large\"><a href=\"http:\/\/kesti.ch\/modellbauin0\/\" target=\"_blank\" rel=\"noreferrer noopener\"><img loading=\"lazy\" decoding=\"async\" width=\"846\" height=\"293\" src=\"http:\/\/null.4jbs.de\/wp-content\/uploads\/2019\/11\/WebsiteIconKesti.jpg\" alt=\"\" class=\"wp-image-1274\" srcset=\"https:\/\/null.4jbs.de\/wp-content\/uploads\/2019\/11\/WebsiteIconKesti.jpg 846w, https:\/\/null.4jbs.de\/wp-content\/uploads\/2019\/11\/WebsiteIconKesti-300x104.jpg 300w, https:\/\/null.4jbs.de\/wp-content\/uploads\/2019\/11\/WebsiteIconKesti-768x266.jpg 768w\" sizes=\"auto, (max-width: 709px) 85vw, (max-width: 909px) 67vw, (max-width: 1362px) 62vw, 840px\" \/><\/a><\/figure>\n<\/div>\n\n\n\n<div class=\"wp-block-column is-layout-flow wp-block-column-is-layout-flow\">\n<p>Thomas zeigt feinen Modellbau in 0 und 0e.<\/p>\n<\/div>\n<\/div>\n\n\n\n<div class=\"wp-block-columns is-layout-flex wp-container-core-columns-is-layout-9d6595d7 wp-block-columns-is-layout-flex\">\n<div class=\"wp-block-column is-layout-flow wp-block-column-is-layout-flow\">\n<figure class=\"wp-block-image size-large\"><a href=\"https:\/\/www.0e-club-hamburg.de\/\" target=\"_blank\" rel=\"noreferrer noopener\"><img loading=\"lazy\" decoding=\"async\" width=\"649\" height=\"212\" src=\"http:\/\/null.4jbs.de\/wp-content\/uploads\/2019\/11\/WebsiteIcon0eHH.jpg\" alt=\"\" class=\"wp-image-1278\" srcset=\"https:\/\/null.4jbs.de\/wp-content\/uploads\/2019\/11\/WebsiteIcon0eHH.jpg 649w, https:\/\/null.4jbs.de\/wp-content\/uploads\/2019\/11\/WebsiteIcon0eHH-300x98.jpg 300w\" sizes=\"auto, (max-width: 649px) 85vw, 649px\" \/><\/a><\/figure>\n<\/div>\n\n\n\n<div class=\"wp-block-column is-layout-flow wp-block-column-is-layout-flow\">\n<p>Der 0e-Club-Hamburg wurde 1998 gegr\u00fcndet. Die derzeit elf Schmalspur-Verr\u00fcckten pr\u00e4sentieren hier ihre Projekte.<\/p>\n<\/div>\n<\/div>\n\n\n\n<div class=\"wp-block-columns is-layout-flex wp-container-core-columns-is-layout-9d6595d7 wp-block-columns-is-layout-flex\">\n<div class=\"wp-block-column is-layout-flow wp-block-column-is-layout-flow\">\n<figure class=\"wp-block-image size-large\"><a href=\"http:\/\/www.schmalspurbahn.de\" target=\"_blank\" rel=\"noreferrer noopener\"><img loading=\"lazy\" decoding=\"async\" width=\"1024\" height=\"352\" src=\"http:\/\/null.4jbs.de\/wp-content\/uploads\/2019\/11\/WebsiteIconSchmalspurLex-1024x352.jpg\" alt=\"\" class=\"wp-image-1293\" srcset=\"https:\/\/null.4jbs.de\/wp-content\/uploads\/2019\/11\/WebsiteIconSchmalspurLex-1024x352.jpg 1024w, https:\/\/null.4jbs.de\/wp-content\/uploads\/2019\/11\/WebsiteIconSchmalspurLex-300x103.jpg 300w, https:\/\/null.4jbs.de\/wp-content\/uploads\/2019\/11\/WebsiteIconSchmalspurLex-768x264.jpg 768w, https:\/\/null.4jbs.de\/wp-content\/uploads\/2019\/11\/WebsiteIconSchmalspurLex-1200x413.jpg 1200w, https:\/\/null.4jbs.de\/wp-content\/uploads\/2019\/11\/WebsiteIconSchmalspurLex.jpg 1533w\" sizes=\"auto, (max-width: 709px) 85vw, (max-width: 909px) 67vw, (max-width: 1362px) 62vw, 840px\" \/><\/a><\/figure>\n<\/div>\n\n\n\n<div class=\"wp-block-column is-layout-flow wp-block-column-is-layout-flow\">\n<p>Schmalspurbahnlexikon Deutschland<\/p>\n\n\n\n<p>\u00dcbersicht aller Strecken damals und heute sowie aktuelle Pressemeldungen zu Schmalspurbahnen im Anriss<\/p>\n\n\n\n<p><\/p>\n<\/div>\n<\/div>\n\n\n\n<div class=\"wp-block-columns is-layout-flex wp-container-core-columns-is-layout-9d6595d7 wp-block-columns-is-layout-flex\">\n<div class=\"wp-block-column is-layout-flow wp-block-column-is-layout-flow\">\n<figure class=\"wp-block-image size-large\"><a href=\"http:\/\/www.saarwalter.de\/\" target=\"_blank\" rel=\"noreferrer noopener\"><img loading=\"lazy\" decoding=\"async\" width=\"800\" height=\"297\" src=\"http:\/\/null.4jbs.de\/wp-content\/uploads\/2019\/12\/WebsiteIconSaarwalter.jpg\" alt=\"\" class=\"wp-image-1316\" srcset=\"https:\/\/null.4jbs.de\/wp-content\/uploads\/2019\/12\/WebsiteIconSaarwalter.jpg 800w, https:\/\/null.4jbs.de\/wp-content\/uploads\/2019\/12\/WebsiteIconSaarwalter-300x111.jpg 300w, https:\/\/null.4jbs.de\/wp-content\/uploads\/2019\/12\/WebsiteIconSaarwalter-768x285.jpg 768w\" sizes=\"auto, (max-width: 800px) 85vw, 800px\" \/><\/a><\/figure>\n<\/div>\n\n\n\n<div class=\"wp-block-column is-layout-flow wp-block-column-is-layout-flow\">\n<p>Spur 0 bei Saarwalter<\/p>\n\n\n\n<p>Vielf\u00e4ltiger Modellbau in 0 und 0e &#8211; Rollendes und Anlagenbau. Auch gut: Walters Lieblingsrezepte&#8230;<\/p>\n\n\n\n<p><\/p>\n<\/div>\n<\/div>\n\n\n\n<p><\/p>\n","protected":false},"excerpt":{"rendered":"<p>Ich finde, dass diese Foren, Blogs und Projektseiten deinen Besuch verdienen. Das Forum des Spur Null Magazins Modellbahnanlagen Planungs- und Design-Forum f\u00fcr vorbildgerechten Modellbahnbetrieb Website und Forum der ARGE Spur 0. Die Internationale Arbeitsgemeinschaft Modellbahnbau Spur 0 e.V. befasst sich seit mehr als 45 Jahren mit der Baugr\u00f6\u00dfe 0. 1durch45 &#8211; Spur Null Blog mit &hellip; <a href=\"https:\/\/null.4jbs.de\/?page_id=1199\" class=\"more-link\"><span class=\"screen-reader-text\">\u201eMehr?\u201c<\/span> weiterlesen<\/a><\/p>\n","protected":false},"author":1,"featured_media":0,"parent":0,"menu_order":0,"comment_status":"closed","ping_status":"closed","template":"","meta":{"footnotes":""},"class_list":["post-1199","page","type-page","status-publish","hentry"],"_links":{"self":[{"href":"https:\/\/null.4jbs.de\/index.php?rest_route=\/wp\/v2\/pages\/1199","targetHints":{"allow":["GET"]}}],"collection":[{"href":"https:\/\/null.4jbs.de\/index.php?rest_route=\/wp\/v2\/pages"}],"about":[{"href":"https:\/\/null.4jbs.de\/index.php?rest_route=\/wp\/v2\/types\/page"}],"author":[{"embeddable":true,"href":"https:\/\/null.4jbs.de\/index.php?rest_route=\/wp\/v2\/users\/1"}],"replies":[{"embeddable":true,"href":"https:\/\/null.4jbs.de\/index.php?rest_route=%2Fwp%2Fv2%2Fcomments&post=1199"}],"version-history":[{"count":56,"href":"https:\/\/null.4jbs.de\/index.php?rest_route=\/wp\/v2\/pages\/1199\/revisions"}],"predecessor-version":[{"id":1324,"href":"https:\/\/null.4jbs.de\/index.php?rest_route=\/wp\/v2\/pages\/1199\/revisions\/1324"}],"wp:attachment":[{"href":"https:\/\/null.4jbs.de\/index.php?rest_route=%2Fwp%2Fv2%2Fmedia&parent=1199"}],"curies":[{"name":"wp","href":"https:\/\/api.w.org\/{rel}","templated":true}]}}