{"id":118,"date":"2016-03-08T17:26:52","date_gmt":"2016-03-08T16:26:52","guid":{"rendered":"http:\/\/null.4jbs.de\/?page_id=118"},"modified":"2016-03-17T08:12:35","modified_gmt":"2016-03-17T07:12:35","slug":"realisierung","status":"publish","type":"page","link":"https:\/\/null.4jbs.de\/?page_id=118","title":{"rendered":"Realisierung"},"content":{"rendered":"<h6>Ausbau per Mitte M\u00e4rz 2016<\/h6>\n<figure id=\"attachment_379\" aria-describedby=\"caption-attachment-379\" style=\"width: 840px\" class=\"wp-caption alignleft\"><a href=\"http:\/\/null.4jbs.de\/wp-content\/uploads\/2016\/03\/Totale-1.png\"><img loading=\"lazy\" decoding=\"async\" class=\"wp-image-388 size-large\" src=\"http:\/\/null.4jbs.de\/wp-content\/uploads\/2016\/03\/Totale-1-1024x105.png\" alt=\"Totale\" width=\"840\" height=\"86\" srcset=\"https:\/\/null.4jbs.de\/wp-content\/uploads\/2016\/03\/Totale-1-1024x105.png 1024w, https:\/\/null.4jbs.de\/wp-content\/uploads\/2016\/03\/Totale-1-300x31.png 300w, https:\/\/null.4jbs.de\/wp-content\/uploads\/2016\/03\/Totale-1-768x78.png 768w, https:\/\/null.4jbs.de\/wp-content\/uploads\/2016\/03\/Totale-1-1200x123.png 1200w, https:\/\/null.4jbs.de\/wp-content\/uploads\/2016\/03\/Totale-1.png 1920w\" sizes=\"auto, (max-width: 709px) 85vw, (max-width: 909px) 67vw, (max-width: 1362px) 62vw, 840px\" \/><\/a><figcaption id=\"caption-attachment-379\" class=\"wp-caption-text\">360\u00b0 Totale \u00fcber alle B\u00fchnenbilder (klick ins Bild f\u00fcr gro\u00dfe Anzeige)<\/figcaption><\/figure>\n<p>In der Totalen kann man den aktuellen Baustatus per Mitte M\u00e4rz 2016 erahnen. Fast alle Gleise liegen und k\u00f6nnen befahren werden. Ein paar Hochbauten sind als Platzhalter oder\u00a0im Rohbau zu\u00a0erkennen, ansonsten\u00a0vor allem viel Styrodur\u00a0in grau, rosa und gr\u00fcn, was sich auch im\u00a0Bild sch\u00f6n bunt bemerkbar macht \ud83d\ude42 .<\/p>\n","protected":false},"excerpt":{"rendered":"<p>Ausbau per Mitte M\u00e4rz 2016 In der Totalen kann man den aktuellen Baustatus per Mitte M\u00e4rz 2016 erahnen. Fast alle Gleise liegen und k\u00f6nnen befahren werden. Ein paar Hochbauten sind als Platzhalter oder\u00a0im Rohbau zu\u00a0erkennen, ansonsten\u00a0vor allem viel Styrodur\u00a0in grau, rosa und gr\u00fcn, was sich auch im\u00a0Bild sch\u00f6n bunt bemerkbar macht \ud83d\ude42 .<\/p>\n","protected":false},"author":1,"featured_media":0,"parent":0,"menu_order":0,"comment_status":"closed","ping_status":"closed","template":"","meta":{"footnotes":""},"class_list":["post-118","page","type-page","status-publish","hentry"],"_links":{"self":[{"href":"https:\/\/null.4jbs.de\/index.php?rest_route=\/wp\/v2\/pages\/118","targetHints":{"allow":["GET"]}}],"collection":[{"href":"https:\/\/null.4jbs.de\/index.php?rest_route=\/wp\/v2\/pages"}],"about":[{"href":"https:\/\/null.4jbs.de\/index.php?rest_route=\/wp\/v2\/types\/page"}],"author":[{"embeddable":true,"href":"https:\/\/null.4jbs.de\/index.php?rest_route=\/wp\/v2\/users\/1"}],"replies":[{"embeddable":true,"href":"https:\/\/null.4jbs.de\/index.php?rest_route=%2Fwp%2Fv2%2Fcomments&post=118"}],"version-history":[{"count":15,"href":"https:\/\/null.4jbs.de\/index.php?rest_route=\/wp\/v2\/pages\/118\/revisions"}],"predecessor-version":[{"id":397,"href":"https:\/\/null.4jbs.de\/index.php?rest_route=\/wp\/v2\/pages\/118\/revisions\/397"}],"wp:attachment":[{"href":"https:\/\/null.4jbs.de\/index.php?rest_route=%2Fwp%2Fv2%2Fmedia&parent=118"}],"curies":[{"name":"wp","href":"https:\/\/api.w.org\/{rel}","templated":true}]}}